{"id":64,"date":"2015-04-18T23:10:49","date_gmt":"2015-04-18T21:10:49","guid":{"rendered":"http:\/\/arztpraxis-drseidel.de\/?page_id=64"},"modified":"2025-12-08T20:33:44","modified_gmt":"2025-12-08T19:33:44","slug":"impressum","status":"publish","type":"page","link":"https:\/\/arztpraxis-drseidel.de\/?page_id=64","title":{"rendered":"Impressum"},"content":{"rendered":"<p>[et_pb_section fb_built=&#8220;1&#8243; admin_label=&#8220;section&#8220; _builder_version=&#8220;4.16&#8243; global_colors_info=&#8220;{}&#8220;][et_pb_row admin_label=&#8220;row&#8220; _builder_version=&#8220;4.16&#8243; background_size=&#8220;initial&#8220; background_position=&#8220;top_left&#8220; background_repeat=&#8220;repeat&#8220; global_colors_info=&#8220;{}&#8220;][et_pb_column type=&#8220;4_4&#8243; _builder_version=&#8220;4.16&#8243; custom_padding=&#8220;|||&#8220; global_colors_info=&#8220;{}&#8220; custom_padding__hover=&#8220;|||&#8220;][et_pb_image src=&#8220;https:\/\/arztpraxis-drseidel.de\/wp-content\/uploads\/2025\/12\/titel_251202.jpg&#8220; align_tablet=&#8220;center&#8220; align_last_edited=&#8220;on|desktop&#8220; admin_label=&#8220;Bild&#8220; _builder_version=&#8220;4.27.4&#8243; animation_style=&#8220;slide&#8220; animation_direction=&#8220;left&#8220; animation_duration=&#8220;500ms&#8220; animation_intensity_slide=&#8220;10%&#8220; hover_enabled=&#8220;0&#8243; global_colors_info=&#8220;{}&#8220; title_text=&#8220;titel_251202&#8243; sticky_enabled=&#8220;0&#8243; align_phone=&#8220;center&#8220;] [\/et_pb_image][\/et_pb_column][\/et_pb_row][et_pb_row admin_label=&#8220;row&#8220; _builder_version=&#8220;4.16&#8243; background_size=&#8220;initial&#8220; background_position=&#8220;top_left&#8220; background_repeat=&#8220;repeat&#8220; global_colors_info=&#8220;{}&#8220; column_structure=&#8220;1_2,1_2&#8243;][et_pb_column type=&#8220;1_2&#8243; _builder_version=&#8220;4.16&#8243; custom_padding=&#8220;|||&#8220; global_colors_info=&#8220;{}&#8220; custom_padding__hover=&#8220;|||&#8220;][et_pb_text admin_label=&#8220;Text&#8220; _builder_version=&#8220;4.16&#8243; background_size=&#8220;initial&#8220; background_position=&#8220;top_left&#8220; background_repeat=&#8220;repeat&#8220; custom_padding=&#8220;0px|||||&#8220; global_colors_info=&#8220;{}&#8220;]<\/p>\n<p><strong>Impressum<\/strong><\/p>\n<p><strong>Verantwortlich f\u00fcr den Inhalt<\/strong><\/p>\n<p>Dr. Bodo Seidel<br \/> Lessingstra\u00dfe 3 &#8211; 17033 Neubrandenburg<\/p>\n<p>Telefon\u00a0 0395 &#8211; 5823102<\/p>\n<p>Fax 0395 &#8211; 56306884<\/p>\n<p><strong>Zust\u00e4ndige Aufsichtsbeh\u00f6rde:<\/strong><br \/> <a href=\"http:\/\/www.aek-mv.de\/\" target=\"_blank\" rel=\"noopener noreferrer\">\u00c4rztekammer Mecklenburg-Vorpommern<\/a>.<\/p>\n<p><strong>Zust\u00e4ndige Kassen\u00e4rztliche Vereinigung:<\/strong><br \/> <a href=\"http:\/\/kvmv.de\/\" target=\"_blank\" rel=\"noopener noreferrer\">Kassen\u00e4rztliche Vereinigung Mecklenburg-Vorpommern<\/a>.<\/p>\n<p>Berufsordnung der <a href=\"http:\/\/www.bundesaerztekammer.de\/\" target=\"_blank\" rel=\"noopener noreferrer\">Bundes\u00e4rztekammer<\/a>: <a href=\"http:\/\/www.bundesaerztekammer.de\/30\/Berufsordnung\/Mbopdf.pdf\" target=\"_blank\" rel=\"noopener noreferrer\">download PDF<\/a><\/p>\n<p>Die Berufsordnung der zust\u00e4ndigen Aufsichtsbeh\u00f6rde finden Sie auf der Website der <a href=\"http:\/\/www.aek-mv.de\/\" target=\"_blank\" rel=\"noopener noreferrer\">\u00c4rztekammer Mecklenburg-Vorpommern<\/a><\/p>\n<p><strong> Layout \/ Technik \/ Hosting<\/strong><\/p>\n<p>Polarweb &#8211; Andreas Barth<br \/> Gasa 2 &#8211; 93091 Slagn\u00e4s<\/p>\n<p>Telefon +49 172 3838558 | +46 73 0913265 | <a href=\"mailto: info@polarweb.eu\" target=\"_blank\" rel=\"noopener noreferrer\">Mail<\/a><br \/> Web: <a href=\"http:\/\/www.polarweb.eu\" target=\"_blank\" rel=\"noopener noreferrer\">www.polarweb.eu<\/a><\/p>\n<p><strong>Bildnachweis<\/strong><\/p>\n<p>Margit Wild \/ <a href=\"http:\/\/fotowild.de\" target=\"_blank\" rel=\"noopener noreferrer\">fotowild.de<\/a><br \/> Andreas Barth \/ <a href=\"http:\/\/www.polarweb.eu\" target=\"_blank\" rel=\"noopener noreferrer\">polarweb.eu<\/a><\/p>\n<p>[\/et_pb_text][\/et_pb_column][et_pb_column type=&#8220;1_2&#8243; _builder_version=&#8220;4.16&#8243; custom_padding=&#8220;|||&#8220; global_colors_info=&#8220;{}&#8220; custom_padding__hover=&#8220;|||&#8220;][et_pb_text admin_label=&#8220;Text&#8220; _builder_version=&#8220;4.16&#8243; background_size=&#8220;initial&#8220; background_position=&#8220;top_left&#8220; background_repeat=&#8220;repeat&#8220; global_colors_info=&#8220;{}&#8220;]<\/p>\n<p><strong>Haftungsausschluss<\/strong><\/p>\n<p>Mit Urteil vom 12. Mai 1998 &#8211; 312 O 85\/98 &#8211; &#8222;Haftung f\u00fcr Links&#8220; hat das Landgericht Hamburg entschieden, dass man durch die Anbringung eines Links die Inhalte der gelinkten Seite ggf. mit zu verantworten hat. Dies kann &#8211; so das Landgericht &#8211; nur dadurch verhindert werden, dass man sich ausdr\u00fccklich von diesen Inhalten distanziert. Hiermit distanzieren wir uns ausdr\u00fccklich von allen Inhalten aller gelinkten Seiten auf unserer Website und machen uns diese Inhalte nicht zu eigen. Diese Erkl\u00e4rung gilt f\u00fcr alle auf den Seiten der Pr\u00e4sentationen www.arztpraxis-drseidel.de und www.arztpraxis-dr-seidel.de angebrachten Links.<br \/>\nDie bereitgestellten Informationen auf dieser Internet-Seite wurden sorgf\u00e4ltig gepr\u00fcft und werden regelm\u00e4\u00dfig aktualisiert. Jedoch kann keine Garantie daf\u00fcr \u00fcbernommen werden, dass alle Angaben zu jeder Zeit vollst\u00e4ndig, richtig und in letzter Aktualit\u00e4t dargestellt sind. Dies gilt insbesondere f\u00fcr alle Verbindungen (&#8222;Links&#8220;) zu anderen Seiten im Internet, auf die direkt oder indirekt verwiesen wird. Alle Angaben k\u00f6nnen ohne vorherige Ank\u00fcndigung erg\u00e4nzt, entfernt oder ge\u00e4ndert werden.<\/p>\n<p>[\/et_pb_text][\/et_pb_column][\/et_pb_row][\/et_pb_section]<\/p>\n","protected":false},"excerpt":{"rendered":"<p>Impressum Verantwortlich f\u00fcr den Inhalt Dr. Bodo Seidel Lessingstra\u00dfe 3 &#8211; 17033 Neubrandenburg Telefon\u00a0 0395 &#8211; 5823102 Fax 0395 &#8211; 56306884 Zust\u00e4ndige Aufsichtsbeh\u00f6rde: \u00c4rztekammer Mecklenburg-Vorpommern. Zust\u00e4ndige Kassen\u00e4rztliche Vereinigung: Kassen\u00e4rztliche Vereinigung Mecklenburg-Vorpommern. Berufsordnung der Bundes\u00e4rztekammer: download PDF Die Berufsordnung der zust\u00e4ndigen Aufsichtsbeh\u00f6rde finden Sie auf der Website der \u00c4rztekammer Mecklenburg-Vorpommern Layout \/ Technik \/ Hosting Polarweb [&hellip;]<\/p>\n","protected":false},"author":1,"featured_media":0,"parent":0,"menu_order":0,"comment_status":"open","ping_status":"closed","template":"","meta":{"_et_pb_use_builder":"on","_et_pb_old_content":"","_et_gb_content_width":"","footnotes":""},"class_list":["post-64","page","type-page","status-publish","hentry"],"jetpack_sharing_enabled":true,"jetpack_shortlink":"https:\/\/wp.me\/Pc9wfC-12","_links":{"self":[{"href":"https:\/\/arztpraxis-drseidel.de\/index.php?rest_route=\/wp\/v2\/pages\/64","targetHints":{"allow":["GET"]}}],"collection":[{"href":"https:\/\/arztpraxis-drseidel.de\/index.php?rest_route=\/wp\/v2\/pages"}],"about":[{"href":"https:\/\/arztpraxis-drseidel.de\/index.php?rest_route=\/wp\/v2\/types\/page"}],"author":[{"embeddable":true,"href":"https:\/\/arztpraxis-drseidel.de\/index.php?rest_route=\/wp\/v2\/users\/1"}],"replies":[{"embeddable":true,"href":"https:\/\/arztpraxis-drseidel.de\/index.php?rest_route=%2Fwp%2Fv2%2Fcomments&post=64"}],"version-history":[{"count":12,"href":"https:\/\/arztpraxis-drseidel.de\/index.php?rest_route=\/wp\/v2\/pages\/64\/revisions"}],"predecessor-version":[{"id":579,"href":"https:\/\/arztpraxis-drseidel.de\/index.php?rest_route=\/wp\/v2\/pages\/64\/revisions\/579"}],"wp:attachment":[{"href":"https:\/\/arztpraxis-drseidel.de\/index.php?rest_route=%2Fwp%2Fv2%2Fmedia&parent=64"}],"curies":[{"name":"wp","href":"https:\/\/api.w.org\/{rel}","templated":true}]}}