{"id":51,"date":"2015-04-18T22:49:49","date_gmt":"2015-04-18T20:49:49","guid":{"rendered":"http:\/\/arztpraxis-drseidel.de\/?page_id=51"},"modified":"2025-12-08T20:37:20","modified_gmt":"2025-12-08T19:37:20","slug":"wissenswertes","status":"publish","type":"page","link":"https:\/\/arztpraxis-drseidel.de\/?page_id=51","title":{"rendered":"Wissenswertes"},"content":{"rendered":"<p>[et_pb_section fb_built=&#8220;1&#8243; admin_label=&#8220;section&#8220; _builder_version=&#8220;4.16&#8243; global_colors_info=&#8220;{}&#8220;][et_pb_row admin_label=&#8220;row&#8220; _builder_version=&#8220;4.16&#8243; background_size=&#8220;initial&#8220; background_position=&#8220;top_left&#8220; background_repeat=&#8220;repeat&#8220; global_colors_info=&#8220;{}&#8220;][et_pb_column type=&#8220;4_4&#8243; _builder_version=&#8220;4.16&#8243; custom_padding=&#8220;|||&#8220; global_colors_info=&#8220;{}&#8220; custom_padding__hover=&#8220;|||&#8220;][et_pb_image src=&#8220;https:\/\/arztpraxis-drseidel.de\/wp-content\/uploads\/2025\/12\/titel_251202.jpg&#8220; align_tablet=&#8220;center&#8220; align_last_edited=&#8220;on|desktop&#8220; _builder_version=&#8220;4.27.4&#8243; animation_style=&#8220;slide&#8220; animation_direction=&#8220;left&#8220; animation_duration=&#8220;500ms&#8220; animation_intensity_slide=&#8220;10%&#8220; hover_enabled=&#8220;0&#8243; animation=&#8220;left&#8220; sticky=&#8220;off&#8220; global_colors_info=&#8220;{}&#8220; title_text=&#8220;titel_251202&#8243; sticky_enabled=&#8220;0&#8243; align_phone=&#8220;center&#8220;][\/et_pb_image][\/et_pb_column][\/et_pb_row][et_pb_row admin_label=&#8220;row&#8220; _builder_version=&#8220;4.16&#8243; background_size=&#8220;initial&#8220; background_position=&#8220;top_left&#8220; background_repeat=&#8220;repeat&#8220; global_colors_info=&#8220;{}&#8220; column_structure=&#8220;2_3,1_3&#8243;][et_pb_column type=&#8220;2_3&#8243; _builder_version=&#8220;4.16&#8243; custom_padding=&#8220;|||&#8220; global_colors_info=&#8220;{}&#8220; custom_padding__hover=&#8220;|||&#8220;][et_pb_text _builder_version=&#8220;4.16&#8243; background_size=&#8220;initial&#8220; background_position=&#8220;top_left&#8220; background_repeat=&#8220;repeat&#8220; global_colors_info=&#8220;{}&#8220;]<strong>Wissenswertes<\/strong><\/p>\n<p><strong>PATIENTENINFORMATION ZUM DATENSCHUTZ<\/strong><\/p>\n<p>Arztpraxis Dr. med. Bodo Seidel<\/p>\n<p>Sehr geehrte Patientin, sehr geehrter Patient,<br \/>\nder Schutz Ihrer personenbezogenen Daten ist uns wichtig. Nach der EU-Datenschutz-Grundverordnung (DSGVO) sind wir verpflichtet, Sie dar\u00fcber zu informieren, zu welchem Zweck unsere Praxis Daten erhebt, speichert oder weiterleitet. Der Information k\u00f6nnen Sie auch entnehmen, welche Rechte Sie in puncto Datenschutz haben.<\/p>\n<ol>\n<li><strong> VERANTWORTLICHKEIT F\u00dcR DIE DATENVERARBEITUNG<\/strong><\/li>\n<\/ol>\n<p>Verantwortlich f\u00fcr die Datenverarbeitung ist:\u00a0 Praxisteam, Praxisinhaber<\/p>\n<p>Praxisname: Arztpraxis f\u00fcr Allgemein- und Sportmedizin Dr. med. Bodo Seidel<\/p>\n<p>Adresse (Stra\u00dfe, Hausnummer, Postleitzahl, Ort): Lessingstr.3 ,17033 Neubrandenburg<\/p>\n<p>Kontaktdaten (z.B. Telefon, E-Mail): Tel.:0395\/5823102, Fax.:0395\/56306884, post@arztpraxis-drseidel.de<\/p>\n<ol start=\"2\">\n<li><strong> ZWECK DER DATENVERARBEITUNG<\/strong><\/li>\n<\/ol>\n<p>Die Datenverarbeitung erfolgt aufgrund gesetzlicher Vorgaben, um den Behandlungsvertrag zwischen Ihnen und Ihrem Arzt und die damit verbundenen Pflichten zu erf\u00fcllen.<\/p>\n<p>Hierzu verarbeiten wir Ihre personenbezogenen Daten, insbesondere Ihre Gesundheitsdaten. Dazu z\u00e4hlen Anamnesen, Diagnosen, Therapievorschl\u00e4ge und Befunde, die wir oder andere \u00c4rzte erheben. Zu diesen Zwecken k\u00f6nnen uns auch andere \u00c4rzte oder Psychotherapeuten, bei denen Sie in Behandlung sind, Daten zur Verf\u00fcgung stellen (z.B. in Arztbriefen).<\/p>\n<p>Die Erhebung von Gesundheitsdaten ist Voraussetzung f\u00fcr Ihre Behandlung. Werden die notwendigen Informationen nicht bereitgestellt, kann eine sorgf\u00e4ltige Behandlung nicht erfolgen.<\/p>\n<ol start=\"3\">\n<li><strong> EMPF\u00c4NGER IHRER DATEN<\/strong><\/li>\n<\/ol>\n<p>Wir \u00fcbermitteln Ihre personenbezogenen Daten nur dann an Dritte, wenn dies gesetzlich erlaubt ist oder Sie eingewilligt haben.<\/p>\n<p>Empf\u00e4nger Ihrer personenbezogenen Daten k\u00f6nnen vor allem andere \u00c4rzte \/ Psychotherapeuten, Kassen\u00e4rztliche Vereinigungen, Krankenkassen, der Medizinische Dienst der Krankenversicherung, \u00c4rztekammern und privat\u00e4rztliche Verrechnungsstellen sein.<\/p>\n<p>Die \u00dcbermittlung erfolgt \u00fcberwiegend zum Zwecke der Abrechnung der bei Ihnen erbrachten Leistungen, zur Kl\u00e4rung von medizinischen und sich aus Ihrem Versicherungsverh\u00e4ltnis ergebenden Fragen. Im Einzelfall erfolgt die \u00dcbermittlung von Daten an weitere berechtigte Empf\u00e4nger.<\/p>\n<ol start=\"4\">\n<li><strong> SPEICHERUNG IHRER DATEN<\/strong><\/li>\n<\/ol>\n<p>Wir bewahren Ihre personenbezogenen Daten nur solange auf, wie dies f\u00fcr die Durchf\u00fchrung der Behandlung erforderlich ist.<\/p>\n<p>Aufgrund rechtlicher Vorgaben sind wir dazu verpflichtet, diese Daten mindestens 10 Jahre nach Abschluss der Behandlung aufzubewahren. Nach anderen Vorschriften k\u00f6nnen sich l\u00e4ngere Aufbewahrungsfristen ergeben, zum Beispiel 30 Jahre bei R\u00f6ntgenaufzeichnungen laut Paragraf 28 Absatz 3 der R\u00f6ntgenverordnung.<\/p>\n<ol start=\"5\">\n<li><strong> IHRE RECHTE <\/strong><\/li>\n<\/ol>\n<p>Sie haben das Recht, \u00fcber die Sie betreffenden personenbezogenen Daten Auskunft zu erhalten. Auch k\u00f6nnen Sie die Berichtigung unrichtiger Daten verlangen.<\/p>\n<p>Dar\u00fcber hinaus steht Ihnen unter bestimmten Voraussetzungen das Recht auf L\u00f6schung von Daten, das Recht auf Einschr\u00e4nkung der Datenverarbeitung sowie das Recht auf Daten\u00fcbertragbarkeit zu.<\/p>\n<p>Die Verarbeitung Ihrer Daten erfolgt auf Basis von gesetzlichen Regelungen. Nur in Ausnahmef\u00e4llen ben\u00f6tigen wir Ihr Einverst\u00e4ndnis. In diesen F\u00e4llen haben Sie das Recht, die Einwilligung f\u00fcr die zuk\u00fcnftige Verarbeitung zu widerrufen.<\/p>\n<p>Sie haben ferner das Recht, sich bei der zust\u00e4ndigen Aufsichtsbeh\u00f6rde f\u00fcr den Datenschutz zu beschweren, wenn Sie der Ansicht sind, dass die Verarbeitung Ihrer personenbezogenen Daten nicht rechtm\u00e4\u00dfig erfolgt.<\/p>\n<p>Die Anschrift der f\u00fcr uns zust\u00e4ndigen Aufsichtsbeh\u00f6rde lautet:<\/p>\n<p>Name: Landesbeauftragte f\u00fcr Datenschutz\u00a0 und Informationsfreiheit M-V<\/p>\n<p>Anschrift: Schloss Schwerin, Johannes-Stelling-Str. 21, 19053 Schwerin<\/p>\n<ol start=\"6\">\n<li><strong> RECHTLICHE GRUNDLAGEN<\/strong><\/li>\n<\/ol>\n<p>Rechtsgrundlage f\u00fcr die Verarbeitung Ihrer Daten ist Artikel 9 Absatz 2 lit. h) DSGVO in Verbindung mit Paragraf 22 Absatz 1 Nr. 1 lit. b) Bundesdatenschutzgesetz. Sollten Sie Fragen haben, k\u00f6nnen Sie sich gern an uns wenden.<\/p>\n<p>Ihr Praxisteam<\/p>\n<p>&nbsp;<\/p>\n<p>&nbsp;<\/p>\n<p><strong>Begr\u00fcndung des Neuaufnahmestopps von Patienten<\/strong><br \/>\n<strong>Erg\u00e4nzung zur Patienteninformation April 2014-04-21<\/strong><\/p>\n<p>T\u00e4glich suchen bis zu 140 Patienten Hilfe in unserer Praxis &#8211; darunter bis zu 50 akut Erkrankte.<br \/>\nAllein im I. Quartal 2014 haben sich \u00fcber 200 Patienten neu in unserer Praxis angemeldet. Wir \u00f6ffnen f\u00fcr Sie meist vor 7.30 Uhr, das Wort Mittagspause kennen wir schon lange nicht mehr, und vor 19.30 Uhr ist die Sprechstunde nicht zu Ende. Unsere ausgewiesene Sprechstundenzeit \u00fcberschreiten wir t\u00e4glich um bis zu 4 Stunden. F\u00fcr Arzt und mindestens eine medizinische Fachangestellte bedeutet das oft 12 Stunden Arbeit im Akkord.<br \/>\nBei solcher Belastung ist es unm\u00f6glich, unserem eigenen au\u00dferordentlich\u00a0 hohen Qualit\u00e4tsanspruch immer gerecht zu werden. Wartezeiten auch bis zu 3 Stunden sind kein Organisationsverschulden unsererseits, sondern einfache Folge dieser extrem hohen Patientenzahl.<br \/>\nIn jedem Quartal behandeln wir deutlich mehr Patienten, als uns von den Krankenkassen und der Kassen\u00e4rztlichen Vereinigung gestattet werden. H\u00f6hepunkt war das Quartal I\/2014 mit 1650 Scheinen. Wir \u00fcberschreiten unsere fiktive Quartalsarbeitszeit von 780 Stunden regelm\u00e4\u00dfig sehr deutlich. Dies hat Pr\u00fcfungen und Stellungnahmen zur Plausibilit\u00e4t zur Folge. Unser letzter Freispruch war nur noch zweiter Klasse. Niemand von uns ist jedoch bereit, f\u00fcr zu viel ehrlich geleistete Arbeit auch noch bestraft zu werden und dann eventuell Honorar zur\u00fcckzahlen zu m\u00fcssen.<\/p>\n<p>Seit Oktober 2013 hat sich die Situation versch\u00e4rft. Seitdem gilt in der Bundesrepublik Deutschland der neue EBM (Einheitlicher Bewertungsma\u00dfstab, g\u00fcltig f\u00fcr gesetzliche Krankenkassen). Falls Sie einige dort festgelegte Preise interessieren:<br \/>\n&#8211; F\u00fcr einen \u00dcberweisungspatienten gibt es im Durchschnitt 8 Euro zuz\u00fcglich z. B. f\u00fcr eine manuelle Therapie 7,19 Euro oder eine Ergometrie 20 Euro. Frequentiert ein \u00dcberweisungspatient die Praxis z.B. 4x, bleibt noch ein Kontaktgeld von 2 EUR f\u00fcr hochqualifizierte \u00e4rztliche T\u00e4tigkeit.<br \/>\n&#8211; F\u00fcr unsere Hausarztpatienten sieht der Rechnungsweg kaum besser aus. Die Grundpauschale f\u00fcr einen Patienten zwischen 55. und 75. Lebensjahr betr\u00e4gt 15,70 Euro plus Bereitstellungspauschale der Praxis von 14 Euro, bei kontinuierlicher Betreuung \u00fcber alle Quartale und chronischer Erkrankung addieren sich nochmals 13,17 EUR bzw. 15,10 EUR.<br \/>\nMit 2 Kontakten pro Quartal haben wir dann keine weitere abrechenbare Leistung, au\u00dfer eventuell Psychosomatik, Manuelle Therapie oder Vorsorge. Erbringen wir bei Ihnen im betreffenden Quartal eine Akupunktur oder eine qualifizierte Injektionstherapie, halbiert sich die Grundpauschale, und die Bereitstellungspauschale entf\u00e4llt sogar komplett, da ich jetzt wegen dieser Leistungen \u201eatypischer Hausarzt\u201c bin.<\/p>\n<p>F\u00fcr ein problemorientiertes \u00e4rztliches Gespr\u00e4ch im Zusammenhang mit lebensver\u00e4ndernder Erkrankung, Mindestdauer 10 Minuten, erhalten wir 9,12 Euro. In einer Stunde k\u00f6nnen wir also maximal als gesamte Praxis 54,72 Euro Honorar erzielen.<br \/>\nHiervon m\u00fcssen mehrere Geh\u00e4lter und die Betriebskosten beglichen werden. Vergleichen Sie dies bitte mit ihren Handwerkerrechnungen.<\/p>\n<p>Zahlreiche Patienten haben inzwischen eine Vollkaskomentalit\u00e4t entwickelt. Kostenbewusstsein ist leider vielen ein Fremdwort, und Achtung vor der Arbeit anderer geht zunehmend verlustig.<br \/>\nIn diesem Spannungsfeld ist unsere t\u00e4gliche Praxisarbeit auch unter dem neuen Patientenrechtegesetz so wie bisher nicht weiter zu erbringen. Infolge des Gesetzes vollzieht sich als Politikgeschenk an den W\u00e4hler leider der Wandel vom behandelnden zum dokumentierenden Arzt.<br \/>\nBeschimpfungen gegen unser Praxisteam, die immer wieder vorkommen, sind hier v\u00f6llig fehl am Platz.<\/p>\n<p>Wir k\u00f6nnen und wollen nicht so weiter arbeiten wie bisher. Meine eigenen Kr\u00e4fte und die meines Teams sind limitiert. Keinem ist geholfen, wenn wir Warnsignale \u00fcberh\u00f6ren, das hochmotivierte Personal hinschmei\u00dft oder aber die Praxis komplett kollabiert.<\/p>\n<p>FAZIT:<br \/>\nBei St\u00f6rungen der notwenigen Mitarbeit, beiderseitigem Vertrauensverlust, unberechtigten Forderungen oder Disziplinlosigkeit werden wir uns ab sofort auch von langj\u00e4hrigen Hausarztpatienten trennen.<br \/>\nWir fordern Hausarztpatienten, die die Praxis unn\u00f6tig erheblich \u00fcberm\u00e4\u00dfig oft frequentieren, auf, sich zur\u00fcck zu nehmen.<\/p>\n<p>Wir nehmen keinen neuen Patienten mehr auf.<\/p>\n<p>F\u00fcr Bedauern \u00fcber unsere Arbeitsf\u00fclle und \u00dcberlastung k\u00f6nnen wir uns nichts kaufen. Wir m\u00fcssen zu unserem Selbstschutz o.g. Ma\u00dfnahmen ergreifen.<\/p>\n<p>Dr. med. Bodo Seidel und Praxisteam<br \/>\n[\/et_pb_text][\/et_pb_column][et_pb_column type=&#8220;1_3&#8243; _builder_version=&#8220;4.16&#8243; custom_padding=&#8220;|||&#8220; global_colors_info=&#8220;{}&#8220; custom_padding__hover=&#8220;|||&#8220;][et_pb_text _builder_version=&#8220;4.16&#8243; background_size=&#8220;initial&#8220; background_position=&#8220;top_left&#8220; background_repeat=&#8220;repeat&#8220; use_border_color=&#8220;off&#8220; global_colors_info=&#8220;{}&#8220;]<strong>weitere Artikel:<\/strong><\/p>\n<p><a href=\"https:\/\/arztpraxis-drseidel.de\/?page_id=125\">EBM-Reform 2013<\/a><a href=\"https:\/\/arztpraxis-drseidel.de\/?page_id=118\"><br \/>\nJetzt aktiv duchstarten!<\/a><br \/>\n<a href=\"https:\/\/arztpraxis-drseidel.de\/?page_id=173\">L\u00e4nderinformationen\/Reise<\/a><\/p>\n<p><strong>Unsere Partner<\/strong><\/p>\n<p><a href=\"https:\/\/www.gesund-mit-promotio.de\" target=\"_blank\" rel=\"noopener noreferrer\">Promotio Gesundheitsinstitut Neubrandenburg<\/a><br \/>\n<a href=\"http:\/\/www.arztpraxis-druse.de\" target=\"_blank\" rel=\"noopener noreferrer\">Arztpraxis Drs.Druse<\/a><br \/>\n<a href=\"http:\/\/www.sc-neubrandenburg.de\" target=\"_blank\" rel=\"noopener noreferrer\">Sportclub Neubrandenburg<\/a><br \/>\n<a href=\"http:\/\/www.osp-mv.de\" target=\"_blank\" rel=\"noopener noreferrer\">Olympiast\u00fctzpunkt Mecklenburg-Vorpommern<\/a><br \/>\n<a href=\"http:\/\/www.stadtsportbund-nb.de\" target=\"_blank\" rel=\"noopener noreferrer\">Stadtsportbund Neubrandenburg<\/a><br \/>\n<a href=\"http:\/\/www.physiotherapie-neubrandenburg.de\" target=\"_blank\" rel=\"noopener noreferrer\">Physiotherapie im &#8222;Haus des Sports&#8220;<\/a><br \/>\nHaus\u00e4rztequalit\u00e4tszirkel Neubrandenburg<br \/>\n<a href=\"http:\/\/www.aek-mv.de\/\">\u00c4rztekammer Mecklenburg-Vorpommern<\/a><br \/>\n<a href=\"http:\/\/www.kvmv.de\" target=\"_blank\" rel=\"noopener noreferrer\">Kassen\u00e4rztliche Vereinigung Mecklenburg-Vorpommern<\/a><br \/>\nOnyx-Gmbh<br \/>\n<a href=\"http:\/\/www.spuren-im-schnee.de\" target=\"_blank\" rel=\"noopener noreferrer\">Spuren im Schnee<\/a><br \/>\n[\/et_pb_text][\/et_pb_column][\/et_pb_row][\/et_pb_section]<\/p>\n","protected":false},"excerpt":{"rendered":"<p>Wissenswertes PATIENTENINFORMATION ZUM DATENSCHUTZ Arztpraxis Dr. med. Bodo Seidel Sehr geehrte Patientin, sehr geehrter Patient, der Schutz Ihrer personenbezogenen Daten ist uns wichtig. Nach der EU-Datenschutz-Grundverordnung (DSGVO) sind wir verpflichtet, Sie dar\u00fcber zu informieren, zu welchem Zweck unsere Praxis Daten erhebt, speichert oder weiterleitet. Der Information k\u00f6nnen Sie auch entnehmen, welche Rechte Sie in puncto [&hellip;]<\/p>\n","protected":false},"author":1,"featured_media":0,"parent":0,"menu_order":0,"comment_status":"open","ping_status":"closed","template":"","meta":{"_et_pb_use_builder":"on","_et_pb_old_content":"","_et_gb_content_width":"","footnotes":""},"class_list":["post-51","page","type-page","status-publish","hentry"],"jetpack_sharing_enabled":true,"jetpack_shortlink":"https:\/\/wp.me\/Pc9wfC-P","_links":{"self":[{"href":"https:\/\/arztpraxis-drseidel.de\/index.php?rest_route=\/wp\/v2\/pages\/51","targetHints":{"allow":["GET"]}}],"collection":[{"href":"https:\/\/arztpraxis-drseidel.de\/index.php?rest_route=\/wp\/v2\/pages"}],"about":[{"href":"https:\/\/arztpraxis-drseidel.de\/index.php?rest_route=\/wp\/v2\/types\/page"}],"author":[{"embeddable":true,"href":"https:\/\/arztpraxis-drseidel.de\/index.php?rest_route=\/wp\/v2\/users\/1"}],"replies":[{"embeddable":true,"href":"https:\/\/arztpraxis-drseidel.de\/index.php?rest_route=%2Fwp%2Fv2%2Fcomments&post=51"}],"version-history":[{"count":15,"href":"https:\/\/arztpraxis-drseidel.de\/index.php?rest_route=\/wp\/v2\/pages\/51\/revisions"}],"predecessor-version":[{"id":583,"href":"https:\/\/arztpraxis-drseidel.de\/index.php?rest_route=\/wp\/v2\/pages\/51\/revisions\/583"}],"wp:attachment":[{"href":"https:\/\/arztpraxis-drseidel.de\/index.php?rest_route=%2Fwp%2Fv2%2Fmedia&parent=51"}],"curies":[{"name":"wp","href":"https:\/\/api.w.org\/{rel}","templated":true}]}}