{"id":48,"date":"2015-04-18T22:49:21","date_gmt":"2015-04-18T20:49:21","guid":{"rendered":"http:\/\/arztpraxis-drseidel.de\/?page_id=48"},"modified":"2025-12-08T20:35:04","modified_gmt":"2025-12-08T19:35:04","slug":"leistungsprofil","status":"publish","type":"page","link":"https:\/\/arztpraxis-drseidel.de\/?page_id=48","title":{"rendered":"Leistungsprofil"},"content":{"rendered":"<p>[et_pb_section fb_built=&#8220;1&#8243; _builder_version=&#8220;4.16&#8243; global_colors_info=&#8220;{}&#8220;][et_pb_row _builder_version=&#8220;4.16&#8243; background_size=&#8220;initial&#8220; background_position=&#8220;top_left&#8220; background_repeat=&#8220;repeat&#8220; global_colors_info=&#8220;{}&#8220;][et_pb_column type=&#8220;4_4&#8243; _builder_version=&#8220;4.16&#8243; custom_padding=&#8220;|||&#8220; global_colors_info=&#8220;{}&#8220; custom_padding__hover=&#8220;|||&#8220;][et_pb_image src=&#8220;https:\/\/arztpraxis-drseidel.de\/wp-content\/uploads\/2025\/12\/titel_251202.jpg&#8220; align_tablet=&#8220;center&#8220; align_last_edited=&#8220;on|desktop&#8220; admin_label=&#8220;Bild&#8220; _builder_version=&#8220;4.27.4&#8243; animation_style=&#8220;slide&#8220; animation_direction=&#8220;left&#8220; animation_duration=&#8220;500ms&#8220; animation_intensity_slide=&#8220;10%&#8220; hover_enabled=&#8220;0&#8243; animation=&#8220;left&#8220; sticky=&#8220;off&#8220; global_colors_info=&#8220;{}&#8220; title_text=&#8220;titel_251202&#8243; sticky_enabled=&#8220;0&#8243; align_phone=&#8220;center&#8220;][\/et_pb_image][\/et_pb_column][\/et_pb_row][et_pb_row _builder_version=&#8220;4.16&#8243; background_size=&#8220;initial&#8220; background_position=&#8220;top_left&#8220; background_repeat=&#8220;repeat&#8220; global_colors_info=&#8220;{}&#8220; column_structure=&#8220;1_2,1_2&#8243;][et_pb_column type=&#8220;1_2&#8243; _builder_version=&#8220;4.16&#8243; custom_padding=&#8220;|||&#8220; global_colors_info=&#8220;{}&#8220; custom_padding__hover=&#8220;|||&#8220;][et_pb_text admin_label=&#8220;Text&#8220; _builder_version=&#8220;4.16&#8243; background_size=&#8220;initial&#8220; background_position=&#8220;top_left&#8220; background_repeat=&#8220;repeat&#8220; global_colors_info=&#8220;{}&#8220;]<strong>Allgemeine Leistungen im Rahmen des Krankenkassensystems<\/strong><\/p>\n<p>&#8211; Gesundheitsuntersuchungen (Check up)<br \/>\n&#8211; Krebsfr\u00fcherkennungsuntersuchungen f\u00fcr M\u00e4nner<br \/>\n&#8211; Jugendgesundheitsuntersuchung J1<br \/>\n&#8211; Untersuchung nach dem Jugendarbeitsschutzgesetz<br \/>\n&#8211; standardisierte Schmerzanalyse<br \/>\n&#8211; Fr\u00fcherkennungstests zum Demenzausschluss<br \/>\n&#8211; Labor<br \/>\n&#8211; EKG<br \/>\n&#8211; Belastungs-EKG<br \/>\n&#8211; Lungenfunktionspr\u00fcfung<br \/>\n&#8211; Chirotherapie (manuelle Therapie)<br \/>\n&#8211; Anleitung zur krankengymnastischen Behandlung<br \/>\n&#8211; schmerztherapeutische Behandlung<br \/>\n&#8211; Impfungen nach STIKO-Richtlinien<br \/>\n&#8211; Akupunktur nach Richtlinien<br \/>\n[\/et_pb_text][et_pb_text admin_label=&#8220;Text&#8220; _builder_version=&#8220;4.16&#8243; background_size=&#8220;initial&#8220; background_position=&#8220;top_left&#8220; background_repeat=&#8220;repeat&#8220; global_colors_info=&#8220;{}&#8220;]<strong>Neu: Kinesio-Tape<\/strong><\/p>\n<p>Nach erfolgreicher Weiterbildung bieten wir Kinesio &#8211; Tape als eine neue Therapieerg\u00e4nzung in der Praxis an!<br \/>\nDie Behandlungsmethode mit Kinesio &#8211; Tape ist gekennzeichnet durch:<br \/>\n-medikamentenfreie Therapie mit breitem Anwendungsspektrum bei Erkrankungen im St\u00fctz- und Bewegungssystem<br \/>\n-wirkt \u00fcber Rezeptoren der Haut auf Muskulatur und B\u00e4nder<br \/>\n-Stoffwechselanregung auf nat\u00fcrliche Weise<br \/>\n-Aktivierung von Selbstheilungskr\u00e4ften des K\u00f6rpers<br \/>\n-verspannte Muskeln k\u00f6nnen beruhigt, schwache Muskeln angeregt werden<br \/>\n-nimmt unterst\u00fctzenden Einfluss auf K\u00f6rperhaltung, Bewegung und Stereotyp<br \/>\n-schnell und zuverl\u00e4ssig auch bei chronischen Schmerzen<br \/>\nKinesio &#8211; Tape wird aktuell von den gesetzlichen Krankenkassen nicht \u00fcbernommen und stellt somit eine IGEL &#8211; Leistung dar.<br \/>\n[\/et_pb_text][\/et_pb_column][et_pb_column type=&#8220;1_2&#8243; _builder_version=&#8220;4.16&#8243; custom_padding=&#8220;|||&#8220; global_colors_info=&#8220;{}&#8220; custom_padding__hover=&#8220;|||&#8220;][et_pb_text admin_label=&#8220;Text&#8220; _builder_version=&#8220;4.16&#8243; background_size=&#8220;initial&#8220; background_position=&#8220;top_left&#8220; background_repeat=&#8220;repeat&#8220; global_colors_info=&#8220;{}&#8220;]<strong>Individuelle Gesundheitsleistungen<\/strong><\/p>\n<p>-Sporttauglichkeitsuntersuchungen f\u00fcr Kader- und Breiten-<br \/>\nsportler (z.Bsp. Marathon, Motorsport, Zweikampfsportarten)<br \/>\n-Tauchsportuntersuchungen<br \/>\n-Untersuchungen f\u00fcr Bootsf\u00fchrerschein, LKW-F\u00fchrerschein<br \/>\n-Intervallcheck (vor Ablauf von 2 Jahren seit dem letzten Check up oder vor Vollendung des 35.Lebensjahres)<br \/>\n-Erg\u00e4nzung Krebsfr\u00fcherkennungsuntersuchung f\u00fcr M\u00e4nner durch die PSA-Bestimmung<br \/>\n-erweiterte Laboruntersuchungen, auf Wunsch Ergometrie mit Lactatanalyse<br \/>\n-Lactatuntersuchungen im Sportfeldtest<br \/>\n-reisemedizinische Beratung, Reiseimpfungen<br \/>\n-Akupunktur au\u00dferhalb des GKV-Kataloges, auf Wunsch<br \/>\n-Neuraltherapie<br \/>\n-Knorpelaufbau-Kuren mit Hyalurons\u00e4urepr\u00e4paraten<br \/>\n-Laser zur Schmerztherapie<br \/>\n-Magnetfeldresonanztherapie<br \/>\n[\/et_pb_text][et_pb_image src=&#8220;https:\/\/arztpraxis-drseidel.de\/wp-content\/uploads\/2015\/04\/seidel_116w1.jpg&#8220; show_in_lightbox=&#8220;on&#8220; show_bottom_space=&#8220;off&#8220; align_tablet=&#8220;center&#8220; align_last_edited=&#8220;on|desktop&#8220; admin_label=&#8220;Bild&#8220; _builder_version=&#8220;4.16&#8243; animation_style=&#8220;slide&#8220; animation_direction=&#8220;right&#8220; animation_duration=&#8220;500ms&#8220; animation_intensity_slide=&#8220;10%&#8220; animation=&#8220;right&#8220; sticky=&#8220;on&#8220; global_colors_info=&#8220;{}&#8220; align_phone=&#8220;center&#8220;][\/et_pb_image][\/et_pb_column][\/et_pb_row][\/et_pb_section]<\/p>\n","protected":false},"excerpt":{"rendered":"<p>Allgemeine Leistungen im Rahmen des Krankenkassensystems &#8211; Gesundheitsuntersuchungen (Check up) &#8211; Krebsfr\u00fcherkennungsuntersuchungen f\u00fcr M\u00e4nner &#8211; Jugendgesundheitsuntersuchung J1 &#8211; Untersuchung nach dem Jugendarbeitsschutzgesetz &#8211; standardisierte Schmerzanalyse &#8211; Fr\u00fcherkennungstests zum Demenzausschluss &#8211; Labor &#8211; EKG &#8211; Belastungs-EKG &#8211; Lungenfunktionspr\u00fcfung &#8211; Chirotherapie (manuelle Therapie) &#8211; Anleitung zur krankengymnastischen Behandlung &#8211; schmerztherapeutische Behandlung &#8211; Impfungen nach STIKO-Richtlinien &#8211; Akupunktur [&hellip;]<\/p>\n","protected":false},"author":1,"featured_media":0,"parent":0,"menu_order":0,"comment_status":"open","ping_status":"closed","template":"","meta":{"_et_pb_use_builder":"on","_et_pb_old_content":"","_et_gb_content_width":"","footnotes":""},"class_list":["post-48","page","type-page","status-publish","hentry"],"jetpack_sharing_enabled":true,"jetpack_shortlink":"https:\/\/wp.me\/Pc9wfC-M","_links":{"self":[{"href":"https:\/\/arztpraxis-drseidel.de\/index.php?rest_route=\/wp\/v2\/pages\/48","targetHints":{"allow":["GET"]}}],"collection":[{"href":"https:\/\/arztpraxis-drseidel.de\/index.php?rest_route=\/wp\/v2\/pages"}],"about":[{"href":"https:\/\/arztpraxis-drseidel.de\/index.php?rest_route=\/wp\/v2\/types\/page"}],"author":[{"embeddable":true,"href":"https:\/\/arztpraxis-drseidel.de\/index.php?rest_route=\/wp\/v2\/users\/1"}],"replies":[{"embeddable":true,"href":"https:\/\/arztpraxis-drseidel.de\/index.php?rest_route=%2Fwp%2Fv2%2Fcomments&post=48"}],"version-history":[{"count":9,"href":"https:\/\/arztpraxis-drseidel.de\/index.php?rest_route=\/wp\/v2\/pages\/48\/revisions"}],"predecessor-version":[{"id":581,"href":"https:\/\/arztpraxis-drseidel.de\/index.php?rest_route=\/wp\/v2\/pages\/48\/revisions\/581"}],"wp:attachment":[{"href":"https:\/\/arztpraxis-drseidel.de\/index.php?rest_route=%2Fwp%2Fv2%2Fmedia&parent=48"}],"curies":[{"name":"wp","href":"https:\/\/api.w.org\/{rel}","templated":true}]}}