{"id":44,"date":"2015-04-18T22:38:52","date_gmt":"2015-04-18T20:38:52","guid":{"rendered":"http:\/\/arztpraxis-drseidel.de\/?page_id=44"},"modified":"2025-12-08T20:56:49","modified_gmt":"2025-12-08T19:56:49","slug":"unser-team","status":"publish","type":"page","link":"https:\/\/arztpraxis-drseidel.de\/?page_id=44","title":{"rendered":"Unser Team"},"content":{"rendered":"<p>[et_pb_section fb_built=&#8220;1&#8243; admin_label=&#8220;section&#8220; _builder_version=&#8220;4.16&#8243; global_colors_info=&#8220;{}&#8220;][et_pb_row admin_label=&#8220;row&#8220; _builder_version=&#8220;4.16&#8243; background_size=&#8220;initial&#8220; background_position=&#8220;top_left&#8220; background_repeat=&#8220;repeat&#8220; global_colors_info=&#8220;{}&#8220;][et_pb_column type=&#8220;4_4&#8243; _builder_version=&#8220;4.16&#8243; custom_padding=&#8220;|||&#8220; global_colors_info=&#8220;{}&#8220; custom_padding__hover=&#8220;|||&#8220;][et_pb_image src=&#8220;https:\/\/arztpraxis-drseidel.de\/wp-content\/uploads\/2025\/12\/titel_251202.jpg&#8220; title_text=&#8220;titel_251202&#8243; align_tablet=&#8220;center&#8220; align_phone=&#8220;&#8220; align_last_edited=&#8220;on|desktop&#8220; _builder_version=&#8220;4.27.4&#8243; animation_style=&#8220;slide&#8220; animation_direction=&#8220;left&#8220; animation_duration=&#8220;500ms&#8220; animation_intensity_slide=&#8220;10%&#8220; animation=&#8220;left&#8220; sticky=&#8220;off&#8220; global_colors_info=&#8220;{}&#8220;][\/et_pb_image][\/et_pb_column][\/et_pb_row][et_pb_row column_structure=&#8220;1_3,2_3&#8243; admin_label=&#8220;row&#8220; _builder_version=&#8220;4.16&#8243; background_size=&#8220;initial&#8220; background_position=&#8220;top_left&#8220; background_repeat=&#8220;repeat&#8220; global_colors_info=&#8220;{}&#8220;][et_pb_column type=&#8220;1_3&#8243; _builder_version=&#8220;4.16&#8243; custom_padding=&#8220;|||&#8220; global_colors_info=&#8220;{}&#8220; custom_padding__hover=&#8220;|||&#8220;][et_pb_image src=&#8220;https:\/\/arztpraxis-drseidel.de\/wp-content\/uploads\/2025\/12\/bodo_seidel_01.jpg&#8220; title_text=&#8220;bodo_seidel_01&#8243; show_bottom_space=&#8220;off&#8220; align_tablet=&#8220;center&#8220; align_phone=&#8220;&#8220; align_last_edited=&#8220;on|desktop&#8220; _builder_version=&#8220;4.27.4&#8243; animation_style=&#8220;slide&#8220; animation_direction=&#8220;left&#8220; animation_duration=&#8220;500ms&#8220; animation_intensity_slide=&#8220;10%&#8220; animation=&#8220;left&#8220; sticky=&#8220;on&#8220; global_colors_info=&#8220;{}&#8220;][\/et_pb_image][\/et_pb_column][et_pb_column type=&#8220;2_3&#8243; _builder_version=&#8220;4.16&#8243; custom_padding=&#8220;|||&#8220; global_colors_info=&#8220;{}&#8220; custom_padding__hover=&#8220;|||&#8220;][et_pb_text _builder_version=&#8220;4.16&#8243; background_size=&#8220;initial&#8220; background_position=&#8220;top_left&#8220; background_repeat=&#8220;repeat&#8220; use_border_color=&#8220;off&#8220; border_color=&#8220;#ffffff&#8220; border_style=&#8220;solid&#8220; global_colors_info=&#8220;{}&#8220;]<\/p>\n<p><strong>Dr. med. Bodo Seidel<\/strong><\/p>\n<p>Jahrgang 1960, verheiratet, 2 T\u00f6chter<\/p>\n<p>1982-1988 Studium der Humanmedizin Ernst-Moritz-Arndt-Universit\u00e4t Greifswald<br \/> 26.08.1988 Staatsexamen und Approbation als Arzt<br \/> 27.02.1989 Promotion an der Akademie f\u00fcr \u00c4rztliche Fortbildung<br \/> 08.03.1991\u00a0 2.Approbation als Arzt durch Sozialministerium des Landes M-V<br \/> 1988-1991 Facharztausbildung Sportmedizinisches Zentrum Neubrandenburg<br \/> seit 1990 Betreuender Arzt im Bundesleistungszentrum Neubrandenburg des OSP M-V<br \/> seit 01.04.1991 Arzt in eigener Niederlassung<br \/> 25.11.1998 Facharzt f\u00fcr Allgemeinmedizin<br \/> 25.10.2000 Zuerkennung Schwerpunkt &#8222;Praxis mit rheumatologischer Besonderheit&#8220;<br \/> Zusatzbezeichnungen: Chirotherapie, Sportmedizin<br \/> Genehmigungen: Psychosomatische Grundversorgung, DMP-Koronare Herzkrankenheit,<br \/> Hausarztzentrierte Versorgung<br \/> Fortbildungsdiplom Rheumatologie und Akupunktur<br \/> weitere mit Fortbildungsnachweisen gesicherte Praxisschwerpunkte: Neuraltherapie, Schmerztherapie, Qualit\u00e4tsmanagment<br \/> 01.11.2006 Vorsitzender der QM-Kommission der KV M-V<br \/> 2010 Erwerb der ank\u00fcndigungsf\u00e4higen Qualifikation &#8222;Gesundheitsf\u00f6rderung und Pr\u00e4vention&#8220;<br \/> 2012 -2016 Mitglied der Vertreterversammlung der 6. Amtsperiode der KV Mecklenburg &#8211; Vorpommern<br \/> Lehrarzt Fachgebiet Allgemeinmedizin der Ernst-Moritz-Arndt-Universit\u00e4t Greifswald.<\/p>\n<p>[\/et_pb_text][\/et_pb_column][\/et_pb_row][et_pb_row column_structure=&#8220;1_3,2_3&#8243; admin_label=&#8220;row&#8220; _builder_version=&#8220;4.16&#8243; background_size=&#8220;initial&#8220; background_position=&#8220;top_left&#8220; background_repeat=&#8220;repeat&#8220; global_colors_info=&#8220;{}&#8220;][et_pb_column type=&#8220;1_3&#8243; _builder_version=&#8220;4.16&#8243; custom_padding=&#8220;|||&#8220; global_colors_info=&#8220;{}&#8220; custom_padding__hover=&#8220;|||&#8220;][et_pb_image src=&#8220;https:\/\/arztpraxis-drseidel.de\/wp-content\/uploads\/2025\/12\/anja_ehlert_01.jpg&#8220; title_text=&#8220;anja_ehlert_01&#8243; show_bottom_space=&#8220;off&#8220; align_tablet=&#8220;center&#8220; align_phone=&#8220;&#8220; align_last_edited=&#8220;on|desktop&#8220; _builder_version=&#8220;4.27.4&#8243; animation_style=&#8220;slide&#8220; animation_direction=&#8220;left&#8220; animation_duration=&#8220;500ms&#8220; animation_intensity_slide=&#8220;10%&#8220; animation=&#8220;left&#8220; sticky=&#8220;on&#8220; global_colors_info=&#8220;{}&#8220;][\/et_pb_image][\/et_pb_column][et_pb_column type=&#8220;2_3&#8243; _builder_version=&#8220;4.16&#8243; custom_padding=&#8220;|||&#8220; global_colors_info=&#8220;{}&#8220; custom_padding__hover=&#8220;|||&#8220;][et_pb_text _builder_version=&#8220;4.16&#8243; background_size=&#8220;initial&#8220; background_position=&#8220;top_left&#8220; background_repeat=&#8220;repeat&#8220; global_colors_info=&#8220;{}&#8220;]<strong>Anja Ehlert<\/strong><\/p>\n<p>2003-2006 Ausbildung mit anschlie\u00dfender T\u00e4tigkeit als Arzthelferin in der Praxis<\/p>\n<p>Aufgabengebiete:<br \/>\nAnmeldung\/ Rezeption, Labor, Funktionsdiagnostik, Lasertherapie, Spirometrie, Ergometrie mit Laktat<\/p>\n<p>Schwerpunkte:<br \/>\nHygienebeauftragte, EDV, Weiterbildung zur Impfassistentin, kinesiologisches Tapen, QM<br \/>\n[\/et_pb_text][\/et_pb_column][\/et_pb_row][et_pb_row column_structure=&#8220;1_3,2_3&#8243; admin_label=&#8220;row&#8220; _builder_version=&#8220;4.16&#8243; background_size=&#8220;initial&#8220; background_position=&#8220;top_left&#8220; background_repeat=&#8220;repeat&#8220; global_colors_info=&#8220;{}&#8220;][et_pb_column type=&#8220;1_3&#8243; _builder_version=&#8220;4.16&#8243; custom_padding=&#8220;|||&#8220; global_colors_info=&#8220;{}&#8220; custom_padding__hover=&#8220;|||&#8220;][et_pb_image src=&#8220;https:\/\/arztpraxis-drseidel.de\/wp-content\/uploads\/2025\/12\/anett_baedeker_01.jpg&#8220; title_text=&#8220;anett_baedeker_01&#8243; show_bottom_space=&#8220;off&#8220; align_tablet=&#8220;center&#8220; align_phone=&#8220;&#8220; align_last_edited=&#8220;on|desktop&#8220; _builder_version=&#8220;4.27.4&#8243; animation_style=&#8220;slide&#8220; animation_direction=&#8220;left&#8220; animation_duration=&#8220;500ms&#8220; animation_intensity_slide=&#8220;10%&#8220; animation=&#8220;left&#8220; sticky=&#8220;on&#8220; global_colors_info=&#8220;{}&#8220;][\/et_pb_image][\/et_pb_column][et_pb_column type=&#8220;2_3&#8243; _builder_version=&#8220;4.16&#8243; custom_padding=&#8220;|||&#8220; global_colors_info=&#8220;{}&#8220; custom_padding__hover=&#8220;|||&#8220;][et_pb_text _builder_version=&#8220;4.16&#8243; background_size=&#8220;initial&#8220; background_position=&#8220;top_left&#8220; background_repeat=&#8220;repeat&#8220; global_colors_info=&#8220;{}&#8220;]<\/p>\n<p><strong>Anett Baedeker<\/strong><\/p>\n<p>1996 &#8211; 1999 Ausbildung Praxis Dr. Seidel<br \/>7\/1999 &#8211; 11\/2012 Arzthelferin Praxis Dr. Seidel<br \/>12\/2012 &#8211; 11\/2013 Mitarbeiterin &#8220; Study Nurses&#8220; bei Asklepios prosearch in Hamburg<br \/>12\/2013 &#8211; R\u00fcckzug nach Neubrandenburg<br \/>2\/2014 &#8211; 6\/2014 Arzthelferin im Klinikum Neubrandenburg<br \/>9\/2014 &#8211; 4\/2018 Arzthelferin Praxis Frau Dr. Lansky <br \/>seit 5\/2018 Arzthelferin Praxis Dr. Seidel<\/p>\n<p>Aufgabengebiete: <br \/>Anmeldung\/ Rezeption, Labor, Funktionsdiagnostik, Ergometrie mit Lactat, Lasertherapie, Spirometrie<\/p>\n<p>Schwerpunkte: <br \/>QM, Gr\u00f6\u00dfenbestimmung, Weiterbildung zur Impfassistentin, N\u00c4PA<\/p>\n<p>[\/et_pb_text][\/et_pb_column][\/et_pb_row][et_pb_row column_structure=&#8220;1_3,2_3&#8243; _builder_version=&#8220;4.16&#8243; background_size=&#8220;initial&#8220; background_position=&#8220;top_left&#8220; background_repeat=&#8220;repeat&#8220; global_colors_info=&#8220;{}&#8220;][et_pb_column type=&#8220;1_3&#8243; _builder_version=&#8220;4.16&#8243; custom_padding=&#8220;|||&#8220; global_colors_info=&#8220;{}&#8220; custom_padding__hover=&#8220;|||&#8220;][et_pb_image src=&#8220;https:\/\/arztpraxis-drseidel.de\/wp-content\/uploads\/2019\/05\/team9.jpg&#8220; align_tablet=&#8220;center&#8220; align_phone=&#8220;&#8220; align_last_edited=&#8220;on|desktop&#8220; _builder_version=&#8220;4.16&#8243; animation_style=&#8220;slide&#8220; animation_direction=&#8220;left&#8220; animation_duration=&#8220;500ms&#8220; animation_intensity_slide=&#8220;10%&#8220; sticky=&#8220;off&#8220; border_style=&#8220;solid&#8220; global_colors_info=&#8220;{}&#8220;][\/et_pb_image][\/et_pb_column][et_pb_column type=&#8220;2_3&#8243; _builder_version=&#8220;4.16&#8243; custom_padding=&#8220;|||&#8220; global_colors_info=&#8220;{}&#8220; custom_padding__hover=&#8220;|||&#8220;][et_pb_text _builder_version=&#8220;4.18.0&#8243; border_style=&#8220;solid&#8220; global_colors_info=&#8220;{}&#8220;]<\/p>\n<p><strong>Melanie K\u00f6ster<\/strong><\/p>\n<p>2006-2009 Ausbildung zur Medizinischen Fachangestellten bei Dr. med. E. Mahnke, Fachrichtung Gyn\u00e4kologie in G\u00fcstrow beendet.<br \/>Beruflicher Werdegang: 2010-2014 Unfallchirurgiepraxis in Hamburg bei Dr. Med. J. Schmidt und 2015 bis 2017 Lungenfacharztpraxis in G\u00fcstrow bei Dr. med. H.Ammenn<\/p>\n<p>01.04.2017 Einstellung bei Dr. med. B. Seidel<\/p>\n<p>Aufgabengebiet: Labor-und Funktionsdiagnostik, Spirometrie, Wunden und Verb\u00e4nde.<\/p>\n<p>Am 17.10.2022 Wiederaufnahmen der Besch\u00e4ftigung nach Erziehungsurlaub.<\/p>\n<p>[\/et_pb_text][\/et_pb_column][\/et_pb_row][et_pb_row column_structure=&#8220;1_3,2_3&#8243; _builder_version=&#8220;4.18.0&#8243; _module_preset=&#8220;default&#8220; global_colors_info=&#8220;{}&#8220;][et_pb_column type=&#8220;1_3&#8243; _builder_version=&#8220;4.18.0&#8243; _module_preset=&#8220;default&#8220; global_colors_info=&#8220;{}&#8220;][et_pb_image src=&#8220;https:\/\/arztpraxis-drseidel.de\/wp-content\/uploads\/2025\/12\/jessica_jungerberg_01.jpg&#8220; title_text=&#8220;jessica_jungerberg_01&#8243; _builder_version=&#8220;4.27.4&#8243; _module_preset=&#8220;default&#8220; hover_enabled=&#8220;0&#8243; global_colors_info=&#8220;{}&#8220; sticky_enabled=&#8220;0&#8243;][\/et_pb_image][\/et_pb_column][et_pb_column type=&#8220;2_3&#8243; _builder_version=&#8220;4.18.0&#8243; _module_preset=&#8220;default&#8220; global_colors_info=&#8220;{}&#8220;][et_pb_text _builder_version=&#8220;4.18.0&#8243; _module_preset=&#8220;default&#8220; global_colors_info=&#8220;{}&#8220;]<\/p>\n<p><strong>Jessica Jungerberg<\/strong><\/p>\n<p>Seit dem 01.08.2021 verst\u00e4rkt die Gesundheits-und Krankenpflegerin Jessica Jungerberg unser Team.<br \/>Sie versucht nicht nur die Neuanforderungen in der Praxis zu meistern, sondern besucht noch das Abendgymnasium Neubrandenburg.<\/p>\n<p>Aufgabenbereiche: Labor, Vorsorge, Innere Verwaltung<br \/>Schwerpunkte: EDV, Weiterbildung zur Impfassistentin<\/p>\n<p>[\/et_pb_text][\/et_pb_column][\/et_pb_row][et_pb_row admin_label=&#8220;row&#8220; _builder_version=&#8220;4.16&#8243; background_size=&#8220;initial&#8220; background_position=&#8220;top_left&#8220; background_repeat=&#8220;repeat&#8220; global_colors_info=&#8220;{}&#8220;][et_pb_column type=&#8220;4_4&#8243; _builder_version=&#8220;4.16&#8243; custom_padding=&#8220;|||&#8220; global_colors_info=&#8220;{}&#8220; custom_padding__hover=&#8220;|||&#8220;][et_pb_text _builder_version=&#8220;4.16&#8243; background_size=&#8220;initial&#8220; background_position=&#8220;top_left&#8220; background_repeat=&#8220;repeat&#8220; custom_padding=&#8220;||1px|||&#8220; global_colors_info=&#8220;{}&#8220;]<\/p>\n<p>&nbsp;<\/p>\n<p><strong>Ehemalige Mitarbeiter<\/strong><\/p>\n<p>[\/et_pb_text][\/et_pb_column][\/et_pb_row][et_pb_row column_structure=&#8220;1_3,2_3&#8243; admin_label=&#8220;row&#8220; _builder_version=&#8220;4.16&#8243; background_size=&#8220;initial&#8220; background_position=&#8220;top_left&#8220; background_repeat=&#8220;repeat&#8220; global_colors_info=&#8220;{}&#8220;][et_pb_column type=&#8220;1_3&#8243; _builder_version=&#8220;4.16&#8243; custom_padding=&#8220;|||&#8220; global_colors_info=&#8220;{}&#8220; custom_padding__hover=&#8220;|||&#8220;][et_pb_image src=&#8220;https:\/\/arztpraxis-drseidel.de\/wp-content\/uploads\/2015\/04\/schock1w.jpg&#8220; align_tablet=&#8220;center&#8220; align_phone=&#8220;&#8220; align_last_edited=&#8220;on|desktop&#8220; _builder_version=&#8220;4.16&#8243; animation_style=&#8220;slide&#8220; animation_direction=&#8220;left&#8220; animation_duration=&#8220;500ms&#8220; animation_intensity_slide=&#8220;10%&#8220; animation=&#8220;left&#8220; sticky=&#8220;off&#8220; global_colors_info=&#8220;{}&#8220;][\/et_pb_image][\/et_pb_column][et_pb_column type=&#8220;2_3&#8243; _builder_version=&#8220;4.16&#8243; custom_padding=&#8220;|||&#8220; global_colors_info=&#8220;{}&#8220; custom_padding__hover=&#8220;|||&#8220;][et_pb_text _builder_version=&#8220;4.16&#8243; background_size=&#8220;initial&#8220; background_position=&#8220;top_left&#8220; background_repeat=&#8220;repeat&#8220; global_colors_info=&#8220;{}&#8220;]<strong>Hildegard Schock<\/strong><\/p>\n<p>besch\u00e4ftigt 01\/2002 bis 03\/2013 und dann \u00dcbergang Rente<br \/>\n[\/et_pb_text][\/et_pb_column][\/et_pb_row][et_pb_row column_structure=&#8220;1_3,2_3&#8243; admin_label=&#8220;row&#8220; _builder_version=&#8220;4.16&#8243; background_size=&#8220;initial&#8220; background_position=&#8220;top_left&#8220; background_repeat=&#8220;repeat&#8220; hover_enabled=&#8220;0&#8243; global_colors_info=&#8220;{}&#8220; sticky_enabled=&#8220;0&#8243;][et_pb_column type=&#8220;1_3&#8243; _builder_version=&#8220;4.16&#8243; custom_padding=&#8220;|||&#8220; global_colors_info=&#8220;{}&#8220; custom_padding__hover=&#8220;|||&#8220;][et_pb_image src=&#8220;https:\/\/arztpraxis-drseidel.de\/wp-content\/uploads\/2019\/05\/team11-1.jpg&#8220; show_bottom_space=&#8220;off&#8220; align_tablet=&#8220;center&#8220; align_phone=&#8220;&#8220; align_last_edited=&#8220;on|desktop&#8220; _builder_version=&#8220;4.27.4&#8243; animation_style=&#8220;slide&#8220; animation_direction=&#8220;left&#8220; animation_duration=&#8220;500ms&#8220; animation_intensity_slide=&#8220;10%&#8220; hover_enabled=&#8220;0&#8243; animation=&#8220;left&#8220; sticky=&#8220;on&#8220; global_colors_info=&#8220;{}&#8220; sticky_enabled=&#8220;0&#8243;][\/et_pb_image][\/et_pb_column][et_pb_column type=&#8220;2_3&#8243; _builder_version=&#8220;4.16&#8243; custom_padding=&#8220;|||&#8220; global_colors_info=&#8220;{}&#8220; custom_padding__hover=&#8220;|||&#8220;][et_pb_text _builder_version=&#8220;4.16&#8243; background_size=&#8220;initial&#8220; background_position=&#8220;top_left&#8220; background_repeat=&#8220;repeat&#8220; use_border_color=&#8220;off&#8220; border_color=&#8220;#ffffff&#8220; border_style=&#8220;solid&#8220; global_colors_info=&#8220;{}&#8220;]<\/p>\n<p><strong>Nancy Bukowski<\/strong><\/p>\n<p>2008-2011 Ausbildung zur Medizinischen Fachangestellten bei Frau Dr. med. M. Truderung<br \/> Fachrichtung Gyn\u00e4kologie in Neustrelitz erfolgreich beendet<br \/> Okt. 2011 Einstellung bei Dr. B. Seidel\u00a0<\/p>\n<p>Seit Oktober 2019 neue Besch\u00e4ftigung in der Praxis f\u00fcr Gef\u00e4\u00dfchirurgie Dr. Klein und Kollegen in der Ihlenfelder Stra\u00dfe in NB.<\/p>\n<p>[\/et_pb_text][\/et_pb_column][\/et_pb_row][et_pb_row column_structure=&#8220;1_3,2_3&#8243; admin_label=&#8220;row&#8220; _builder_version=&#8220;4.16&#8243; background_size=&#8220;initial&#8220; background_position=&#8220;top_left&#8220; background_repeat=&#8220;repeat&#8220; global_colors_info=&#8220;{}&#8220;][et_pb_column type=&#8220;1_3&#8243; _builder_version=&#8220;4.16&#8243; custom_padding=&#8220;|||&#8220; global_colors_info=&#8220;{}&#8220; custom_padding__hover=&#8220;|||&#8220;][et_pb_image src=&#8220;https:\/\/arztpraxis-drseidel.de\/wp-content\/uploads\/2015\/04\/seidel_40w.jpg&#8220; show_bottom_space=&#8220;off&#8220; align_tablet=&#8220;center&#8220; align_phone=&#8220;&#8220; align_last_edited=&#8220;on|desktop&#8220; _builder_version=&#8220;4.16&#8243; animation_style=&#8220;slide&#8220; animation_direction=&#8220;left&#8220; animation_duration=&#8220;500ms&#8220; animation_intensity_slide=&#8220;10%&#8220; hover_enabled=&#8220;0&#8243; animation=&#8220;left&#8220; sticky=&#8220;on&#8220; global_colors_info=&#8220;{}&#8220; sticky_enabled=&#8220;0&#8243;][\/et_pb_image][\/et_pb_column][et_pb_column type=&#8220;2_3&#8243; _builder_version=&#8220;4.16&#8243; custom_padding=&#8220;|||&#8220; global_colors_info=&#8220;{}&#8220; custom_padding__hover=&#8220;|||&#8220;][et_pb_text _builder_version=&#8220;4.16&#8243; background_size=&#8220;initial&#8220; background_position=&#8220;top_left&#8220; background_repeat=&#8220;repeat&#8220; use_border_color=&#8220;off&#8220; border_color=&#8220;#ffffff&#8220; border_style=&#8220;solid&#8220; global_colors_info=&#8220;{}&#8220;]<strong>Franziska Weimann<\/strong><\/p>\n<p>Nach erfolgreichem Abschluss der Ausbildung in unserer Praxis arbeitet Sie jetzt als Medizinische Fachangestellte in der Arztpraxis Frau Dr. med. Hoth in Rosenow. Das Praxisteam w\u00fcnscht ihr viel Erfolg im weiteren Berufsleben.<br \/>\n[\/et_pb_text][\/et_pb_column][\/et_pb_row][\/et_pb_section]<\/p>\n","protected":false},"excerpt":{"rendered":"<p>Dr. med. Bodo Seidel Jahrgang 1960, verheiratet, 2 T\u00f6chter 1982-1988 Studium der Humanmedizin Ernst-Moritz-Arndt-Universit\u00e4t Greifswald 26.08.1988 Staatsexamen und Approbation als Arzt 27.02.1989 Promotion an der Akademie f\u00fcr \u00c4rztliche Fortbildung 08.03.1991\u00a0 2.Approbation als Arzt durch Sozialministerium des Landes M-V 1988-1991 Facharztausbildung Sportmedizinisches Zentrum Neubrandenburg seit 1990 Betreuender Arzt im Bundesleistungszentrum Neubrandenburg des OSP M-V seit 01.04.1991 [&hellip;]<\/p>\n","protected":false},"author":1,"featured_media":0,"parent":0,"menu_order":0,"comment_status":"open","ping_status":"closed","template":"","meta":{"_et_pb_use_builder":"on","_et_pb_old_content":"","_et_gb_content_width":"","footnotes":""},"class_list":["post-44","page","type-page","status-publish","hentry"],"jetpack_sharing_enabled":true,"jetpack_shortlink":"https:\/\/wp.me\/Pc9wfC-I","_links":{"self":[{"href":"https:\/\/arztpraxis-drseidel.de\/index.php?rest_route=\/wp\/v2\/pages\/44","targetHints":{"allow":["GET"]}}],"collection":[{"href":"https:\/\/arztpraxis-drseidel.de\/index.php?rest_route=\/wp\/v2\/pages"}],"about":[{"href":"https:\/\/arztpraxis-drseidel.de\/index.php?rest_route=\/wp\/v2\/types\/page"}],"author":[{"embeddable":true,"href":"https:\/\/arztpraxis-drseidel.de\/index.php?rest_route=\/wp\/v2\/users\/1"}],"replies":[{"embeddable":true,"href":"https:\/\/arztpraxis-drseidel.de\/index.php?rest_route=%2Fwp%2Fv2%2Fcomments&post=44"}],"version-history":[{"count":37,"href":"https:\/\/arztpraxis-drseidel.de\/index.php?rest_route=\/wp\/v2\/pages\/44\/revisions"}],"predecessor-version":[{"id":594,"href":"https:\/\/arztpraxis-drseidel.de\/index.php?rest_route=\/wp\/v2\/pages\/44\/revisions\/594"}],"wp:attachment":[{"href":"https:\/\/arztpraxis-drseidel.de\/index.php?rest_route=%2Fwp%2Fv2%2Fmedia&parent=44"}],"curies":[{"name":"wp","href":"https:\/\/api.w.org\/{rel}","templated":true}]}}