{"id":41,"date":"2015-04-18T22:37:49","date_gmt":"2015-04-18T20:37:49","guid":{"rendered":"http:\/\/arztpraxis-drseidel.de\/?page_id=41"},"modified":"2025-12-08T20:32:37","modified_gmt":"2025-12-08T19:32:37","slug":"die-praxis","status":"publish","type":"page","link":"https:\/\/arztpraxis-drseidel.de\/?page_id=41","title":{"rendered":"Die Praxis"},"content":{"rendered":"<p>[et_pb_section fb_built=&#8220;1&#8243; _builder_version=&#8220;4.16&#8243; global_colors_info=&#8220;{}&#8220;][et_pb_row _builder_version=&#8220;4.16&#8243; background_size=&#8220;initial&#8220; background_position=&#8220;top_left&#8220; background_repeat=&#8220;repeat&#8220; global_colors_info=&#8220;{}&#8220;][et_pb_column type=&#8220;4_4&#8243; _builder_version=&#8220;4.16&#8243; custom_padding=&#8220;|||&#8220; global_colors_info=&#8220;{}&#8220; custom_padding__hover=&#8220;|||&#8220;][et_pb_image src=&#8220;https:\/\/arztpraxis-drseidel.de\/wp-content\/uploads\/2025\/12\/titel_251202.jpg&#8220; title_text=&#8220;titel_251202&#8243; align_tablet=&#8220;center&#8220; align_phone=&#8220;center&#8220; align_last_edited=&#8220;on|desktop&#8220; admin_label=&#8220;Bild&#8220; _builder_version=&#8220;4.27.4&#8243; animation_style=&#8220;slide&#8220; animation_direction=&#8220;left&#8220; animation_duration=&#8220;500ms&#8220; animation_intensity_slide=&#8220;10%&#8220; hover_enabled=&#8220;0&#8243; animation=&#8220;left&#8220; sticky=&#8220;off&#8220; global_colors_info=&#8220;{}&#8220; sticky_enabled=&#8220;0&#8243;][\/et_pb_image][\/et_pb_column][\/et_pb_row][et_pb_row column_structure=&#8220;1_3,1_3,1_3&#8243; _builder_version=&#8220;4.16&#8243; background_size=&#8220;initial&#8220; background_position=&#8220;top_left&#8220; background_repeat=&#8220;repeat&#8220; global_colors_info=&#8220;{}&#8220;][et_pb_column type=&#8220;1_3&#8243; _builder_version=&#8220;4.16&#8243; custom_padding=&#8220;|||&#8220; global_colors_info=&#8220;{}&#8220; custom_padding__hover=&#8220;|||&#8220;][et_pb_text admin_label=&#8220;Text&#8220; _builder_version=&#8220;4.16&#8243; background_size=&#8220;initial&#8220; background_position=&#8220;top_left&#8220; background_repeat=&#8220;repeat&#8220; global_colors_info=&#8220;{}&#8220;]<strong>Unsere Praxisphilosophie<\/strong><\/p>\n<p>Wir verstehen uns zum einen als Hausarztpraxis aber zum anderen insbesondere als Schwerpunktpraxis f\u00fcr Erkrankungen und Verletzungen im Bereich des Breiten- und Spitzensports sowie f\u00fcr Erkrankungen des St\u00fctz- und Bewegungssystems einschlie\u00dflich der Rheumatologie.<br \/>\nEine besondere Rolle spielen aber Vorbeugung und Prophylaxe von Erkrankungen jeglicher Art. Hierzu bieten wir ein umfangreiches Spektrum an Untersuchungen, Beratungen und Festlegungen zur gesunden Lebensweise und sportartspezifischen Leistungsf\u00e4higkeit an.<br \/>\nZur Sicherung dieser Ziele kooperieren wir mit zahlreichen medizinischen Einrichtungen der Region Neubrandenburg als auch \u00fcberregional.<br \/>\nMit dem vom Praxisinhaber in Partnerschaft mit Dr. med. Michael Druse geleiteten PROMOTIO-Gesundheitsinstitut Neubrandenburg werden Verhaltenstherapie und ein umfangreiches Serviceangebot zur Bew\u00e4ltigung von R\u00fcckenschmerz, \u00dcbergewicht, Bluthochdruck, Stoffwechselerkrankungen und Herz-Kreislaufst\u00f6rungen angeboten und betreut.<br \/>\nWir haben ein praxisinternes Qualit\u00e4tsmanagmentsystem eingef\u00fchrt.<br \/>\n[\/et_pb_text][\/et_pb_column][et_pb_column type=&#8220;1_3&#8243; _builder_version=&#8220;4.16&#8243; custom_padding=&#8220;|||&#8220; global_colors_info=&#8220;{}&#8220; custom_padding__hover=&#8220;|||&#8220;][et_pb_text admin_label=&#8220;Text&#8220; _builder_version=&#8220;4.16&#8243; background_size=&#8220;initial&#8220; background_position=&#8220;top_left&#8220; background_repeat=&#8220;repeat&#8220; global_colors_info=&#8220;{}&#8220;]<strong><span class=\"Stil4\">Praxisorganisation<\/span><\/strong><\/p>\n<p><span class=\"Stil2\">Wir f\u00fchren eine Bestellpraxis, um damit die Wartezeiten f\u00fcr unsere Patienten in einem vertr\u00e4glichen Rahmen zu halten.<\/span><\/p>\n<p>Bitte vereinbaren Sie wenn m\u00f6glich einen Termin.<\/p>\n<p>Aufgrund der gro\u00dfen Patientenzahl und der wegen akuter Erkrankungen und Beschwerden \u00fcberaus hohen Inanspruchnahme der Praxis kann es uns nicht immer gelingen, kurze Praxisverweilzeiten sicherzustellen.<\/p>\n<p>Spezielle sportmedizinische Untersuchungen und Behandlungen, individuelle Gesundheitsleistungen und weitere besondere Leistungen der Praxis, wie Betreuung von L\u00e4ufern einschlie\u00dflich Marathonvorbereitung, Beratung zu Berg- und H\u00f6hentouren bieten wir auf Voranmeldung in der Sprechstunde Freitags von 13.00 &#8211; 16.00 Uhr an.<br \/>\n[\/et_pb_text][\/et_pb_column][et_pb_column type=&#8220;1_3&#8243; _builder_version=&#8220;4.16&#8243; custom_padding=&#8220;|||&#8220; global_colors_info=&#8220;{}&#8220; custom_padding__hover=&#8220;|||&#8220;][et_pb_sidebar orientation=&#8220;right&#8220; area=&#8220;sidebar-1&#8243; admin_label=&#8220;Seitenleiste&#8220; _builder_version=&#8220;4.16&#8243; global_colors_info=&#8220;{}&#8220;][\/et_pb_sidebar][\/et_pb_column][\/et_pb_row][\/et_pb_section]<\/p>\n","protected":false},"excerpt":{"rendered":"<p>Unsere Praxisphilosophie Wir verstehen uns zum einen als Hausarztpraxis aber zum anderen insbesondere als Schwerpunktpraxis f\u00fcr Erkrankungen und Verletzungen im Bereich des Breiten- und Spitzensports sowie f\u00fcr Erkrankungen des St\u00fctz- und Bewegungssystems einschlie\u00dflich der Rheumatologie. Eine besondere Rolle spielen aber Vorbeugung und Prophylaxe von Erkrankungen jeglicher Art. Hierzu bieten wir ein umfangreiches Spektrum an Untersuchungen, [&hellip;]<\/p>\n","protected":false},"author":1,"featured_media":0,"parent":0,"menu_order":0,"comment_status":"closed","ping_status":"closed","template":"","meta":{"_et_pb_use_builder":"on","_et_pb_old_content":"","_et_gb_content_width":"","footnotes":""},"class_list":["post-41","page","type-page","status-publish","hentry"],"jetpack_sharing_enabled":true,"jetpack_shortlink":"https:\/\/wp.me\/Pc9wfC-F","_links":{"self":[{"href":"https:\/\/arztpraxis-drseidel.de\/index.php?rest_route=\/wp\/v2\/pages\/41","targetHints":{"allow":["GET"]}}],"collection":[{"href":"https:\/\/arztpraxis-drseidel.de\/index.php?rest_route=\/wp\/v2\/pages"}],"about":[{"href":"https:\/\/arztpraxis-drseidel.de\/index.php?rest_route=\/wp\/v2\/types\/page"}],"author":[{"embeddable":true,"href":"https:\/\/arztpraxis-drseidel.de\/index.php?rest_route=\/wp\/v2\/users\/1"}],"replies":[{"embeddable":true,"href":"https:\/\/arztpraxis-drseidel.de\/index.php?rest_route=%2Fwp%2Fv2%2Fcomments&post=41"}],"version-history":[{"count":10,"href":"https:\/\/arztpraxis-drseidel.de\/index.php?rest_route=\/wp\/v2\/pages\/41\/revisions"}],"predecessor-version":[{"id":578,"href":"https:\/\/arztpraxis-drseidel.de\/index.php?rest_route=\/wp\/v2\/pages\/41\/revisions\/578"}],"wp:attachment":[{"href":"https:\/\/arztpraxis-drseidel.de\/index.php?rest_route=%2Fwp%2Fv2%2Fmedia&parent=41"}],"curies":[{"name":"wp","href":"https:\/\/api.w.org\/{rel}","templated":true}]}}