{"id":38,"date":"2015-04-18T22:20:14","date_gmt":"2015-04-18T20:20:14","guid":{"rendered":"http:\/\/arztpraxis-drseidel.de\/?page_id=38"},"modified":"2025-12-02T16:31:07","modified_gmt":"2025-12-02T15:31:07","slug":"home","status":"publish","type":"page","link":"https:\/\/arztpraxis-drseidel.de\/","title":{"rendered":"Home"},"content":{"rendered":"<p>[et_pb_section fb_built=&#8220;1&#8243; custom_padding_last_edited=&#8220;on|desktop&#8220; admin_label=&#8220;section&#8220; _builder_version=&#8220;4.16&#8243; custom_padding_tablet=&#8220;50px|0|50px|0&#8243; custom_padding_phone=&#8220;&#8220; transparent_background=&#8220;off&#8220; padding_mobile=&#8220;off&#8220; make_fullwidth=&#8220;off&#8220; use_custom_width=&#8220;off&#8220; width_unit=&#8220;off&#8220; custom_width_px=&#8220;1080px&#8220; custom_width_percent=&#8220;80%&#8220; global_colors_info=&#8220;{}&#8220;][et_pb_row padding_mobile=&#8220;off&#8220; column_padding_mobile=&#8220;on&#8220; admin_label=&#8220;row&#8220; _builder_version=&#8220;4.16&#8243; background_size=&#8220;initial&#8220; background_position=&#8220;top_left&#8220; background_repeat=&#8220;repeat&#8220; make_fullwidth=&#8220;off&#8220; use_custom_width=&#8220;off&#8220; width_unit=&#8220;off&#8220; custom_width_px=&#8220;1080px&#8220; custom_width_percent=&#8220;80%&#8220; global_colors_info=&#8220;{}&#8220;][et_pb_column type=&#8220;4_4&#8243; _builder_version=&#8220;4.16&#8243; custom_padding=&#8220;|||&#8220; global_colors_info=&#8220;{}&#8220; custom_padding__hover=&#8220;|||&#8220;][et_pb_image src=&#8220;https:\/\/arztpraxis-drseidel.de\/wp-content\/uploads\/2025\/12\/titel_251202.jpg&#8220; show_bottom_space=&#8220;off&#8220; align_tablet=&#8220;center&#8220; align_last_edited=&#8220;on|desktop&#8220; admin_label=&#8220;Bild&#8220; _builder_version=&#8220;4.27.4&#8243; animation_style=&#8220;slide&#8220; animation_direction=&#8220;left&#8220; animation_duration=&#8220;500ms&#8220; animation_intensity_slide=&#8220;10%&#8220; hover_enabled=&#8220;0&#8243; use_border_color=&#8220;off&#8220; border_color=&#8220;#ffffff&#8220; border_width=&#8220;1px&#8220; border_style=&#8220;solid&#8220; sticky=&#8220;on&#8220; global_colors_info=&#8220;{}&#8220; title_text=&#8220;titel_251202&#8243; sticky_enabled=&#8220;0&#8243; align_phone=&#8220;center&#8220;] [\/et_pb_image][\/et_pb_column][\/et_pb_row][et_pb_row padding_mobile=&#8220;off&#8220; column_padding_mobile=&#8220;on&#8220; admin_label=&#8220;row&#8220; _builder_version=&#8220;4.16&#8243; background_size=&#8220;initial&#8220; background_position=&#8220;top_left&#8220; background_repeat=&#8220;repeat&#8220; make_fullwidth=&#8220;off&#8220; use_custom_width=&#8220;off&#8220; width_unit=&#8220;off&#8220; custom_width_px=&#8220;1080px&#8220; custom_width_percent=&#8220;80%&#8220; global_colors_info=&#8220;{}&#8220; column_structure=&#8220;1_3,1_3,1_3&#8243;][et_pb_column type=&#8220;1_3&#8243; _builder_version=&#8220;4.16&#8243; custom_padding=&#8220;|||&#8220; global_colors_info=&#8220;{}&#8220; custom_padding__hover=&#8220;|||&#8220;][et_pb_text admin_label=&#8220;Text&#8220; _builder_version=&#8220;4.16&#8243; background_size=&#8220;initial&#8220; background_position=&#8220;top_left&#8220; background_repeat=&#8220;repeat&#8220; use_border_color=&#8220;off&#8220; border_style=&#8220;solid&#8220; global_colors_info=&#8220;{}&#8220;]<strong>Vorgestellt<\/strong><\/p>\n<p>Wir m\u00f6chten Sie auf unserer Homepage herzlich willkommen hei\u00dfen. Sie finden hier Informationen \u00fcber unsere Praxis, das Team, unser Leistungsprofil und T\u00e4tigkeitsschwer-punkte, zu Kooperationen, Partnern, Angeboten und medizinisch Wissenwertes. Unsere Einzelpraxis besteht seit April 1991. Seit 1994 arbeiten wir in der Lessingstra\u00dfe 3 in der N\u00e4he des Kulturparks und in Nachbarschaft der vielf\u00e4ltigen Sportst\u00e4tten unserer Stadt.<\/p>\n<p><strong>Patienteninformation April 2014-04-21<\/strong><\/p>\n<p>Aus medizinisch-rechtlichen sowie aus organisatorischen Gr\u00fcnden, insbesondere aber aus Kapazit\u00e4tsgr\u00fcnden sehen wir uns gezwungen, ab sofort jegliche Neuaufnahme von Patienten &#8211; auch auf \u00dcberweisung durch den Hausarzt &#8211; komplett einzustellen. Die detaillierte\u00a0 Begr\u00fcndung dieser leider unumg\u00e4nglichen Entscheidung entnehmen Sie bitte dem <a title=\"Wissenswertes\" href=\"https:\/\/arztpraxis-drseidel.de\/?page_id=51\">Internetauftritt<\/a> oder unserem Informationsblatt, das Sie an der Anmeldung zum Lesen erhalten.<br \/>\n<a title=\"Wissenswertes\" href=\"https:\/\/arztpraxis-drseidel.de\/?page_id=51\">Zur ausf\u00fchrlichen Begr\u00fcndung<\/a><\/p>\n<p>Team Arztpraxis Dr. Bodo Seidel<\/p>\n<p><strong><br \/>\nUrlaubszeit ist Reisezeit<\/strong><\/p>\n<p>Wir haben f\u00fcr Sie einige reisemedizinische Informationen zusammmengestellt.<br \/>\n<a href=\"https:\/\/arztpraxis-drseidel.de\/?page_id=173\">Zur \u00dcbersicht!<\/a><br \/>\n[\/et_pb_text][\/et_pb_column][et_pb_column type=&#8220;1_3&#8243; _builder_version=&#8220;4.16&#8243; custom_padding=&#8220;|||&#8220; global_colors_info=&#8220;{}&#8220; custom_padding__hover=&#8220;|||&#8220;][et_pb_text admin_label=&#8220;Text&#8220; _builder_version=&#8220;4.16&#8243; background_size=&#8220;initial&#8220; background_position=&#8220;top_left&#8220; background_repeat=&#8220;repeat&#8220; use_border_color=&#8220;off&#8220; border_style=&#8220;solid&#8220; global_colors_info=&#8220;{}&#8220;]<strong>Unsere Praxisphilosophie<\/strong><\/p>\n<p>Wir verstehen uns zum einen als Hausarztpraxis aber zum anderen insbesondere als Schwerpunktpraxis f\u00fcr Erkrankungen und Verletzungen im Bereich des Breiten- und Spitzensports sowie f\u00fcr Erkrankungen des St\u00fctz- und Bewegungssystems einschlie\u00dflich der Rheumatologie. Eine besondere Rolle spielen aber Vorbeugung und Prophylaxe von Erkrankungen jeglicher Art.<br \/>\n<a title=\"Die Praxis\" href=\"https:\/\/arztpraxis-drseidel.de\/?page_id=41\">weiterlesen<\/a>&#8230;.<\/p>\n<p><strong><br \/>\nNeu: Kinesio-Tape<\/strong><\/p>\n<p>Nach erfolgreicher Weiterbildung bieten wir Kinesio &#8211; Tape als eine neue Therapieerg\u00e4nzung in der Praxis an! Die Behandlungsmethode mit Kinesio &#8211; Tape ist u.a. gekennzeichnet durch eine medikamentenfreie Therapie mit breitem Anwendungsspektrum bei Erkrankungen im St\u00fctz- und Bewegungssystem, wirkt \u00fcber Rezeptoren der Haut auf Muskulatur und B\u00e4nder und regt den Stoffwechsel auf nat\u00fcrliche Weise an. Die Selbstheilungskr\u00e4fte des K\u00f6rpers werden aktiviert und verspannte Muskeln k\u00f6nnen beruhigt, schwache Muskeln angeregt werden.<br \/>\n<a title=\"Leistungsprofil\" href=\"https:\/\/arztpraxis-drseidel.de\/?page_id=48\">weiterlesen<\/a>&#8230;<br \/>\n[\/et_pb_text][\/et_pb_column][et_pb_column type=&#8220;1_3&#8243; _builder_version=&#8220;4.16&#8243; custom_padding=&#8220;|||&#8220; global_colors_info=&#8220;{}&#8220; custom_padding__hover=&#8220;|||&#8220;][et_pb_sidebar orientation=&#8220;right&#8220; area=&#8220;sidebar-1&#8243; admin_label=&#8220;Seitenleiste&#8220; _builder_version=&#8220;4.16&#8243; body_font=&#8220;||||||||&#8220; global_colors_info=&#8220;{}&#8220;] [\/et_pb_sidebar][\/et_pb_column][\/et_pb_row][\/et_pb_section]<\/p>\n","protected":false},"excerpt":{"rendered":"<p>Vorgestellt Wir m\u00f6chten Sie auf unserer Homepage herzlich willkommen hei\u00dfen. Sie finden hier Informationen \u00fcber unsere Praxis, das Team, unser Leistungsprofil und T\u00e4tigkeitsschwer-punkte, zu Kooperationen, Partnern, Angeboten und medizinisch Wissenwertes. Unsere Einzelpraxis besteht seit April 1991. Seit 1994 arbeiten wir in der Lessingstra\u00dfe 3 in der N\u00e4he des Kulturparks und in Nachbarschaft der vielf\u00e4ltigen Sportst\u00e4tten [&hellip;]<\/p>\n","protected":false},"author":1,"featured_media":0,"parent":0,"menu_order":0,"comment_status":"closed","ping_status":"closed","template":"","meta":{"_et_pb_use_builder":"on","_et_pb_old_content":"","_et_gb_content_width":"","footnotes":""},"class_list":["post-38","page","type-page","status-publish","hentry"],"jetpack_sharing_enabled":false,"jetpack_shortlink":"https:\/\/wp.me\/Pc9wfC-C","_links":{"self":[{"href":"https:\/\/arztpraxis-drseidel.de\/index.php?rest_route=\/wp\/v2\/pages\/38","targetHints":{"allow":["GET"]}}],"collection":[{"href":"https:\/\/arztpraxis-drseidel.de\/index.php?rest_route=\/wp\/v2\/pages"}],"about":[{"href":"https:\/\/arztpraxis-drseidel.de\/index.php?rest_route=\/wp\/v2\/types\/page"}],"author":[{"embeddable":true,"href":"https:\/\/arztpraxis-drseidel.de\/index.php?rest_route=\/wp\/v2\/users\/1"}],"replies":[{"embeddable":true,"href":"https:\/\/arztpraxis-drseidel.de\/index.php?rest_route=%2Fwp%2Fv2%2Fcomments&post=38"}],"version-history":[{"count":57,"href":"https:\/\/arztpraxis-drseidel.de\/index.php?rest_route=\/wp\/v2\/pages\/38\/revisions"}],"predecessor-version":[{"id":574,"href":"https:\/\/arztpraxis-drseidel.de\/index.php?rest_route=\/wp\/v2\/pages\/38\/revisions\/574"}],"wp:attachment":[{"href":"https:\/\/arztpraxis-drseidel.de\/index.php?rest_route=%2Fwp%2Fv2%2Fmedia&parent=38"}],"curies":[{"name":"wp","href":"https:\/\/api.w.org\/{rel}","templated":true}]}}