{"id":173,"date":"2015-06-06T11:38:15","date_gmt":"2015-06-06T09:38:15","guid":{"rendered":"http:\/\/arztpraxis-drseidel.de\/?page_id=173"},"modified":"2015-06-06T11:51:37","modified_gmt":"2015-06-06T09:51:37","slug":"wissenswertes-4","status":"publish","type":"page","link":"https:\/\/arztpraxis-drseidel.de\/?page_id=173","title":{"rendered":"Wissenswertes 4"},"content":{"rendered":"<p>[et_pb_section][et_pb_row][et_pb_column type=&#8220;4_4&#8243;][et_pb_image admin_label=&#8220;Bild&#8220; src=&#8220;https:\/\/arztpraxis-drseidel.de\/wp-content\/uploads\/2015\/04\/titel4.0.jpg&#8220; show_in_lightbox=&#8220;off&#8220; url_new_window=&#8220;off&#8220; animation=&#8220;left&#8220; sticky=&#8220;off&#8220; \/][\/et_pb_column][\/et_pb_row][et_pb_row][et_pb_column type=&#8220;2_3&#8243;][et_pb_text admin_label=&#8220;Text&#8220; background_layout=&#8220;light&#8220; text_orientation=&#8220;left&#8220;]<\/p>\n<p><strong>Urlaubszeit ist Reisezeit<\/p>\n<p><\/strong>F\u00fcr die Planung und Vorbereitung Ihres Auslandsaufenthaltes haben wir f\u00fcr Sie folgende Informationen bereitgestellt:<\/p>\n<p>1. <a href=\"https:\/\/lists.medprae.de\/lists\/lt.php?id=bEkHVxgMAkgKAggKAQ\" target=\"_blank\">L\u00e4nderspezifische \u00dcbersicht \u00fcber notwendige Impfungen und Besonderheiten<\/a><\/p>\n<p>2. <a href=\"https:\/\/lists.medprae.de\/lists\/lt.php?id=bEkHUBgMAkgKAggKAQ\" target=\"_blank\">Krankenkassenliste z.B. zur Erstattung reisemedizinischer Impfungen<\/a><\/p>\n<p>[\/et_pb_text][\/et_pb_column][et_pb_column type=&#8220;1_3&#8243;][et_pb_text admin_label=&#8220;Text&#8220; background_layout=&#8220;light&#8220; text_orientation=&#8220;left&#8220;]<\/p>\n<p><strong>weitere Artikel:<\/strong><\/p>\n<p><a href=\"https:\/\/arztpraxis-drseidel.de\/?page_id=51\">Patienteninformation April 2014<\/a><br \/>\n<a href=\"https:\/\/arztpraxis-drseidel.de\/?page_id=118\">Jetzt aktiv duchstarten!<\/a><br \/>\nEBM-Reform 2013<br \/>\nL\u00e4nderinformationen \/ Reise<\/p>\n<p><strong>Unsere Partner<\/strong><\/p>\n<p><a href=\"http:\/\/promotio.info\" target=\"_blank\">Promotio Gesundheitsinstitut Neubrandenburg<\/a><br \/>\n<a href=\"http:\/\/www.arztpraxis-druse.de\" target=\"_blank\">Arztpraxis Drs.Druse<\/a><br \/>\n<a href=\"http:\/\/www.sc-neubrandenburg.de\" target=\"_blank\">Sportclub Neubrandenburg<\/a><br \/>\n<a href=\"http:\/\/www.osp-mv.de\" target=\"_blank\">Olympiast\u00fctzpunkt Mecklenburg-Vorpommern<\/a><br \/>\n<a href=\"http:\/\/www.stadtsportbund-nb.de\" target=\"_blank\">Stadtsportbund Neubrandenburg<\/a><br \/>\n<a href=\"http:\/\/www.physiotherapie-neubrandenburg.de\" target=\"_blank\">Physiotherapie im &#8222;Haus des Sports&#8220;<\/a><br \/>\nHaus\u00e4rztequalit\u00e4tszirkel Neubrandenburg<br \/>\n<a href=\"http:\/\/www.aek-mv.de\/\">\u00c4rztekammer Mecklenburg-Vorpommern<\/a><br \/>\n<a href=\"http:\/\/www.kvmv.de\" target=\"_blank\">Kassen\u00e4rztliche Vereinigung Mecklenburg-Vorpommern<\/a><br \/>\nOnyx-Gmbh<br \/>\n<a href=\"http:\/\/www.hotel-bornmuehle.de\" target=\"_blank\">H\u00f6hentrainingszentrum Hotel Bornm\u00fchle<\/a><br \/>\n<a href=\"http:\/\/www.spuren-im-schnee.de\" target=\"_blank\">Spuren im Schnee<\/a><\/p>\n<p>[\/et_pb_text][\/et_pb_column][\/et_pb_row][\/et_pb_section]<\/p>\n","protected":false},"excerpt":{"rendered":"<p><div class=\"et_pb_section et_pb_section_0 et_section_regular\" >\n\t\t\t\t\n\t\t\t\t\n\t\t\t\t\n\t\t\t\t\n\t\t\t\t\n\t\t\t\t\n\t\t\t\t\n\t\t\t\t\n\t\t\t\t\n\t\t\t<\/div><div class=\"et_pb_row et_pb_row_0 et_pb_row_empty\">\n\t\t\t\t\n\t\t\t\t\n\t\t\t\t\n\t\t\t\t\n\t\t\t\t\n\t\t\t<\/div><div class=\"et_pb_row et_pb_row_1 et_pb_row_empty\">\n\t\t\t\t\n\t\t\t\t\n\t\t\t\t\n\t\t\t\t\n\t\t\t\t\n\t\t\t<\/div> Urlaubszeit ist Reisezeit F\u00fcr die Planung und Vorbereitung Ihres Auslandsaufenthaltes haben wir f\u00fcr Sie folgende Informationen bereitgestellt: 1. L\u00e4nderspezifische \u00dcbersicht \u00fcber notwendige Impfungen und Besonderheiten 2. Krankenkassenliste z.B. zur Erstattung reisemedizinischer Impfungen weitere Artikel: Patienteninformation April 2014 Jetzt aktiv duchstarten! EBM-Reform 2013 L\u00e4nderinformationen \/ Reise Unsere Partner Promotio Gesundheitsinstitut Neubrandenburg Arztpraxis Drs.Druse Sportclub Neubrandenburg [&hellip;]<\/p>\n","protected":false},"author":1,"featured_media":0,"parent":51,"menu_order":0,"comment_status":"open","ping_status":"closed","template":"","meta":{"_et_pb_use_builder":"on","_et_pb_old_content":"","_et_gb_content_width":"","footnotes":""},"class_list":["post-173","page","type-page","status-publish","hentry"],"jetpack_sharing_enabled":true,"jetpack_shortlink":"https:\/\/wp.me\/Pc9wfC-2N","_links":{"self":[{"href":"https:\/\/arztpraxis-drseidel.de\/index.php?rest_route=\/wp\/v2\/pages\/173","targetHints":{"allow":["GET"]}}],"collection":[{"href":"https:\/\/arztpraxis-drseidel.de\/index.php?rest_route=\/wp\/v2\/pages"}],"about":[{"href":"https:\/\/arztpraxis-drseidel.de\/index.php?rest_route=\/wp\/v2\/types\/page"}],"author":[{"embeddable":true,"href":"https:\/\/arztpraxis-drseidel.de\/index.php?rest_route=\/wp\/v2\/users\/1"}],"replies":[{"embeddable":true,"href":"https:\/\/arztpraxis-drseidel.de\/index.php?rest_route=%2Fwp%2Fv2%2Fcomments&post=173"}],"version-history":[{"count":3,"href":"https:\/\/arztpraxis-drseidel.de\/index.php?rest_route=\/wp\/v2\/pages\/173\/revisions"}],"predecessor-version":[{"id":176,"href":"https:\/\/arztpraxis-drseidel.de\/index.php?rest_route=\/wp\/v2\/pages\/173\/revisions\/176"}],"up":[{"embeddable":true,"href":"https:\/\/arztpraxis-drseidel.de\/index.php?rest_route=\/wp\/v2\/pages\/51"}],"wp:attachment":[{"href":"https:\/\/arztpraxis-drseidel.de\/index.php?rest_route=%2Fwp%2Fv2%2Fmedia&parent=173"}],"curies":[{"name":"wp","href":"https:\/\/api.w.org\/{rel}","templated":true}]}}