{"id":118,"date":"2015-04-29T10:57:47","date_gmt":"2015-04-29T08:57:47","guid":{"rendered":"http:\/\/arztpraxis-drseidel.de\/?page_id=118"},"modified":"2015-06-06T11:59:24","modified_gmt":"2015-06-06T09:59:24","slug":"wissenswertes-2","status":"publish","type":"page","link":"https:\/\/arztpraxis-drseidel.de\/?page_id=118","title":{"rendered":"Wissenswertes 2"},"content":{"rendered":"<p>[et_pb_section][et_pb_row][et_pb_column type=&#8220;4_4&#8243;][et_pb_image admin_label=&#8220;Bild&#8220; src=&#8220;https:\/\/arztpraxis-drseidel.de\/wp-content\/uploads\/2015\/04\/titel4.0.jpg&#8220; show_in_lightbox=&#8220;off&#8220; url_new_window=&#8220;off&#8220; animation=&#8220;left&#8220; sticky=&#8220;off&#8220; \/][\/et_pb_column][\/et_pb_row][et_pb_row][et_pb_column type=&#8220;2_3&#8243;][et_pb_text admin_label=&#8220;Text&#8220; background_layout=&#8220;light&#8220; text_orientation=&#8220;left&#8220;]<\/p>\n<p><strong>Jetzt aktiv durchstarten!<\/strong><\/p>\n<p>Haben Sie die Festtage gut \u00fcberstanden? Oder wie ist es mit den Folgen der V\u00f6llerei? Wieder einmal dr\u00fcckt und kneift es, der Bauch ist wohl noch kr\u00e4ftiger und die Puste wird schon knapp auf dem Weg zum Briefkasten. Und dann all die guten Vors\u00e4tze f\u00fcrs neue Jahr. Endlich Schluss mit dem Rauchen, geringere Unzufriedenheit beim Blick auf die Waage und nat\u00fcrlich endlich mehr Bewegung und dies an der frischen Luft. Ging auch ihnen dieses oder \u00e4hnliches durch den Kopf?<br \/>\nEine m\u00f6gliche L\u00f6sung w\u00e4re, ignorieren sie alles. Falls sp\u00e4ter das schlechte Gewissen qu\u00e4lt, bleibt der R\u00fcckblick auf eine sch\u00f6ne Zeit.<br \/>\nOder haben sie von sich und ihren Zielen ein anderes Bild- schlank und sch\u00f6n, gesund und fit, beweglich und kraftvoll, aktiv und voller Lebensfreude. Halten sie dies f\u00fcr m\u00f6glich und brauchen Unterst\u00fctzung zur Realisierung ihrer Ziele, dann lesen sie weiter zu unseren Angeboten aus der Praxis und unserer Partner.<br \/>\nAb einem Alter \u00fcber 35 und l\u00e4ngerer Karenz an Bewegung und Sport sollte ein Gesundheitscheck\/Vorsorgeuntersuchung als Leistung der gesetzlichen Krankenkassen am Anfang stehen. Vereinbaren sie hierzu einen gesonderten Termin in der Praxis.<\/p>\n<p>In einigen F\u00e4llen raten wir zu einer Leistungsanalyse mittels Ergometrie und dies unter Umst\u00e4nden unter Erg\u00e4nzung mit einem Laktattest.<\/p>\n<p>Die letztere Leistung stellt immer eine IGEL (Individuelle Gesundheitsleistung) \u2013 Leistung also Selbstzahlerleistung dar. Im Falle der Ergometrie \u00fcbernehmen die Kostentr\u00e4ger unter gewissen Voraussetzungen die komplette Untersuchung.<br \/>\nDes Weiteren empfehlen wir noch eine sorgf\u00e4ltigere Blutuntersuchung. In einem Auswertegespr\u00e4ch erhalten sie dann ganz individuelle Hinweise zur Verhaltensoptimierung in Beziehung Ern\u00e4hrung, Entspannung, Bewegung und auch Sport.<br \/>\nNat\u00fcrlich bleiben wir auch in der Verlaufskontrolle \u00fcber einen langen Zeitraum ihr fachlicher und motivierender Begleiter.<br \/>\nSollten die Probleme komplexerer Natur sein oder bedarf es zur \u00dcberwindung des \u201einneren Schweinehundes\u201c einer st\u00e4ndigen fachlichen Begleitung dann w\u00fcrden wir sie im PROMOTIO \u2013 Gesundheitsinstitut Neubrandenburg, Kirschenallee 51 gemeinsam mit den dortigen hoch qualifizierten Sportlehrern, Fitnessfachwirten, Ergo- und Physiotherapeuten und Trainern intensiv betreuen. Auch hier \u00fcbernehmen die Krankenkassen in den meisten F\u00e4llen einen nicht unerheblichen Kostenanteil.<br \/>\nNeben unserer Betreuungsarbeit im Hochleistungssport im Olympiast\u00fctzpunkt M\/V haben wir uns in den letzten Jahren immer mehr dem Breitensport und hier insbesondere dem Laufsport zugewandt. F\u00fcr Anf\u00e4nger und auch schon erfahrene L\u00e4ufer bieten wir einen speziellen Service an im Team der \u201eGesundheitsprofis aus Medizin und Sport\u201c.<br \/>\nSollte der Sportbeginn zum richtigen Laufen, eventuell in 2-3 Jahren sogar zum Marathon f\u00fchren, dann sind sie bei uns richtig.<br \/>\nAbschlie\u00dfend m\u00f6chten wir nochmals betonen, dass die Praxis mit ihrer besonderen Ausrichtung den Mittelpunkt all dieser Angebote und Aktivit\u00e4ten darstellt.<\/p>\n<p>[\/et_pb_text][\/et_pb_column][et_pb_column type=&#8220;1_3&#8243;][et_pb_text admin_label=&#8220;Text&#8220; background_layout=&#8220;light&#8220; text_orientation=&#8220;left&#8220;]<\/p>\n<p><strong>weitere Artikel:<\/strong><\/p>\n<p><a href=\"https:\/\/arztpraxis-drseidel.de\/?page_id=51\">Patienteninformation April 2014<\/a><br \/>\n<a href=\"https:\/\/arztpraxis-drseidel.de\/?page_id=118\">Jetzt aktiv duchstarten!<\/a><br \/>\n<a href=\"https:\/\/arztpraxis-drseidel.de\/?page_id=125\">EBM-Reform 2013<\/a><br \/>\n<a href=\"https:\/\/arztpraxis-drseidel.de\/?page_id=173\">L\u00e4nderinformationen\/Reise<\/a><\/p>\n<p><strong>Unsere Partner<\/strong><\/p>\n<p><a href=\"http:\/\/promotio.info\" target=\"_blank\">Promotio Gesundheitsinstitut Neubrandenburg<\/a><br \/>\n<a href=\"http:\/\/www.arztpraxis-druse.de\" target=\"_blank\">Arztpraxis Drs.Druse<\/a><br \/>\n<a href=\"http:\/\/www.sc-neubrandenburg.de\" target=\"_blank\">Sportclub Neubrandenburg<\/a><br \/>\n<a href=\"http:\/\/www.osp-mv.de\" target=\"_blank\">Olympiast\u00fctzpunkt Mecklenburg-Vorpommern<\/a><br \/>\n<a href=\"http:\/\/www.stadtsportbund-nb.de\" target=\"_blank\">Stadtsportbund Neubrandenburg<\/a><br \/>\n<a href=\"http:\/\/www.physiotherapie-neubrandenburg.de\" target=\"_blank\">Physiotherapie im &#8222;Haus des Sports&#8220;<\/a><br \/>\nHaus\u00e4rztequalit\u00e4tszirkel Neubrandenburg<br \/>\n<a href=\"http:\/\/www.aek-mv.de\/\">\u00c4rztekammer Mecklenburg-Vorpommern<\/a><br \/>\n<a href=\"http:\/\/www.kvmv.de\" target=\"_blank\">Kassen\u00e4rztliche Vereinigung Mecklenburg-Vorpommern<\/a><br \/>\nOnyx-Gmbh<br \/>\n<a href=\"http:\/\/www.hotel-bornmuehle.de\" target=\"_blank\">H\u00f6hentrainingszentrum Hotel Bornm\u00fchle<\/a><br \/>\n<a href=\"http:\/\/www.spuren-im-schnee.de\" target=\"_blank\">Spuren im Schnee<\/a><\/p>\n<p>[\/et_pb_text][\/et_pb_column][\/et_pb_row][\/et_pb_section]<\/p>\n","protected":false},"excerpt":{"rendered":"<p><div class=\"et_pb_section et_pb_section_0 et_section_regular\" >\n\t\t\t\t\n\t\t\t\t\n\t\t\t\t\n\t\t\t\t\n\t\t\t\t\n\t\t\t\t\n\t\t\t\t\n\t\t\t\t\n\t\t\t\t\n\t\t\t<\/div><div class=\"et_pb_row et_pb_row_0 et_pb_row_empty\">\n\t\t\t\t\n\t\t\t\t\n\t\t\t\t\n\t\t\t\t\n\t\t\t\t\n\t\t\t<\/div><div class=\"et_pb_row et_pb_row_1 et_pb_row_empty\">\n\t\t\t\t\n\t\t\t\t\n\t\t\t\t\n\t\t\t\t\n\t\t\t\t\n\t\t\t<\/div> Jetzt aktiv durchstarten! Haben Sie die Festtage gut \u00fcberstanden? Oder wie ist es mit den Folgen der V\u00f6llerei? Wieder einmal dr\u00fcckt und kneift es, der Bauch ist wohl noch kr\u00e4ftiger und die Puste wird schon knapp auf dem Weg zum Briefkasten. Und dann all die guten Vors\u00e4tze f\u00fcrs neue Jahr. Endlich Schluss mit dem [&hellip;]<\/p>\n","protected":false},"author":1,"featured_media":0,"parent":51,"menu_order":0,"comment_status":"open","ping_status":"closed","template":"","meta":{"_et_pb_use_builder":"on","_et_pb_old_content":"","_et_gb_content_width":"","footnotes":""},"class_list":["post-118","page","type-page","status-publish","hentry"],"jetpack_sharing_enabled":true,"jetpack_shortlink":"https:\/\/wp.me\/Pc9wfC-1U","_links":{"self":[{"href":"https:\/\/arztpraxis-drseidel.de\/index.php?rest_route=\/wp\/v2\/pages\/118","targetHints":{"allow":["GET"]}}],"collection":[{"href":"https:\/\/arztpraxis-drseidel.de\/index.php?rest_route=\/wp\/v2\/pages"}],"about":[{"href":"https:\/\/arztpraxis-drseidel.de\/index.php?rest_route=\/wp\/v2\/types\/page"}],"author":[{"embeddable":true,"href":"https:\/\/arztpraxis-drseidel.de\/index.php?rest_route=\/wp\/v2\/users\/1"}],"replies":[{"embeddable":true,"href":"https:\/\/arztpraxis-drseidel.de\/index.php?rest_route=%2Fwp%2Fv2%2Fcomments&post=118"}],"version-history":[{"count":6,"href":"https:\/\/arztpraxis-drseidel.de\/index.php?rest_route=\/wp\/v2\/pages\/118\/revisions"}],"predecessor-version":[{"id":178,"href":"https:\/\/arztpraxis-drseidel.de\/index.php?rest_route=\/wp\/v2\/pages\/118\/revisions\/178"}],"up":[{"embeddable":true,"href":"https:\/\/arztpraxis-drseidel.de\/index.php?rest_route=\/wp\/v2\/pages\/51"}],"wp:attachment":[{"href":"https:\/\/arztpraxis-drseidel.de\/index.php?rest_route=%2Fwp%2Fv2%2Fmedia&parent=118"}],"curies":[{"name":"wp","href":"https:\/\/api.w.org\/{rel}","templated":true}]}}